{"id":1324,"date":"2019-07-29T22:20:20","date_gmt":"2019-07-30T02:20:20","guid":{"rendered":"https:\/\/manitobastudentinsurance.ca\/?page_id=1324"},"modified":"2023-07-18T09:44:29","modified_gmt":"2023-07-18T13:44:29","slug":"politique-daccessibilite","status":"publish","type":"page","link":"https:\/\/manitobastudentinsurance.ca\/fr\/politique-daccessibilite\/","title":{"rendered":"Politique d\u2019accessibilit\u00e9"},"content":{"rendered":"<div class=\"wpb-content-wrapper\"><p>[vc_row][vc_column width=&#8221;1\/1&#8243;][uncode_block id=&#8221;36&#8243;][\/vc_column][\/vc_row][vc_row row_height_percent=&#8221;0&#8243; override_padding=&#8221;yes&#8221; h_padding=&#8221;2&#8243; top_padding=&#8221;4&#8243; bottom_padding=&#8221;3&#8243; overlay_alpha=&#8221;50&#8243; gutter_size=&#8221;3&#8243; column_width_percent=&#8221;100&#8243; shift_y=&#8221;0&#8243; z_index=&#8221;0&#8243;][vc_column width=&#8221;1\/1&#8243;][vc_custom_heading text_color=&#8221;accent&#8221;]Notre engagement[\/vc_custom_heading][vc_column_text uncode_shortcode_id=&#8221;152377&#8243;]Old Republic, Compagnie d&#8217;assurance du Canada s\u2019engage \u00e0 fournir un niveau \u00e9lev\u00e9 de service \u00e0 tous ses clients, y compris les personnes handicap\u00e9es. Old Republic, Compagnie d&#8217;assurance du Canada s\u2019efforce continuellement \u00e0 pourvoir ses biens et services aux personnes handicap\u00e9es d\u2019une mani\u00e8re \u00e0 respecter leur dignit\u00e9 et leur ind\u00e9pendance. Nous nous engageons \u00e9galement \u00e0 prendre des dispositions raisonnables visant \u00e0 ce que les individus handicap\u00e9s aient les m\u00eames opportunit\u00e9s d\u2019acc\u00e8s \u00e0 nos biens et services dans les m\u00eames lieux et de la m\u00eame mani\u00e8re que les autres clients.<\/p>\n<p><a href=\"https:\/\/manitobastudentinsurance.ca\/wp-content\/uploads\/2019\/07\/F-ORICC-Accessible-Customer-Service-Plan-26SEP2017.pdf\" target=\"_blank\" rel=\"noopener noreferrer\">Politique d\u2019accessibilit\u00e9 au Service \u00e0 la client\u00e8le<\/a><\/p>\n<p><a href=\"https:\/\/manitobastudentinsurance.ca\/wp-content\/uploads\/2023\/07\/Politiques-daccessibilite-et-plan-daction-pluriannuel-o.pdf\" target=\"_blank\" rel=\"noopener noreferrer\">Politiques d\u2019accessibilit\u00e9 et plan d\u2019action pluriannuel<\/a>[\/vc_column_text][\/vc_column][\/vc_row][vc_row][vc_column width=&#8221;1\/1&#8243;][uncode_block id=&#8221;700&#8243;][\/vc_column][\/vc_row]<\/p>\n<\/div>","protected":false},"excerpt":{"rendered":"<p>[vc_row][vc_column width=&#8221;1\/1&#8243;][uncode_block id=&#8221;36&#8243;][\/vc_column][\/vc_row][vc_row row_height_percent=&#8221;0&#8243; override_padding=&#8221;yes&#8221; h_padding=&#8221;2&#8243; top_padding=&#8221;4&#8243; bottom_padding=&#8221;3&#8243; overlay_alpha=&#8221;50&#8243; gutter_size=&#8221;3&#8243; column_width_percent=&#8221;100&#8243; shift_y=&#8221;0&#8243; z_index=&#8221;0&#8243;][vc_column width=&#8221;1\/1&#8243;][vc_custom_heading text_color=&#8221;accent&#8221;]Notre engagement[\/vc_custom_heading][vc_column_text uncode_shortcode_id=&#8221;152377&#8243;]Old Republic, Compagnie d&#8217;assurance [&hellip;]<\/p>\n","protected":false},"author":12,"featured_media":0,"parent":0,"menu_order":0,"comment_status":"closed","ping_status":"closed","template":"","meta":{"inline_featured_image":false,"footnotes":""},"class_list":["post-1324","page","type-page","status-publish","hentry"],"_links":{"self":[{"href":"https:\/\/manitobastudentinsurance.ca\/fr\/wp-json\/wp\/v2\/pages\/1324","targetHints":{"allow":["GET"]}}],"collection":[{"href":"https:\/\/manitobastudentinsurance.ca\/fr\/wp-json\/wp\/v2\/pages"}],"about":[{"href":"https:\/\/manitobastudentinsurance.ca\/fr\/wp-json\/wp\/v2\/types\/page"}],"author":[{"embeddable":true,"href":"https:\/\/manitobastudentinsurance.ca\/fr\/wp-json\/wp\/v2\/users\/12"}],"replies":[{"embeddable":true,"href":"https:\/\/manitobastudentinsurance.ca\/fr\/wp-json\/wp\/v2\/comments?post=1324"}],"version-history":[{"count":0,"href":"https:\/\/manitobastudentinsurance.ca\/fr\/wp-json\/wp\/v2\/pages\/1324\/revisions"}],"wp:attachment":[{"href":"https:\/\/manitobastudentinsurance.ca\/fr\/wp-json\/wp\/v2\/media?parent=1324"}],"curies":[{"name":"wp","href":"https:\/\/api.w.org\/{rel}","templated":true}]}}