{"id":1322,"date":"2019-07-29T22:16:29","date_gmt":"2019-07-30T02:16:29","guid":{"rendered":"https:\/\/manitobastudentinsurance.ca\/?page_id=1322"},"modified":"2019-07-29T22:16:29","modified_gmt":"2019-07-30T02:16:29","slug":"biens-non-reclames","status":"publish","type":"page","link":"https:\/\/manitobastudentinsurance.ca\/fr\/biens-non-reclames\/","title":{"rendered":"Biens non r\u00e9clam\u00e9s"},"content":{"rendered":"<div class=\"wpb-content-wrapper\"><p>[vc_row][vc_column width=&#8221;1\/1&#8243;][uncode_block id=&#8221;36&#8243;][\/vc_column][\/vc_row][vc_row row_height_percent=&#8221;0&#8243; override_padding=&#8221;yes&#8221; h_padding=&#8221;2&#8243; top_padding=&#8221;4&#8243; bottom_padding=&#8221;3&#8243; overlay_alpha=&#8221;50&#8243; gutter_size=&#8221;3&#8243; column_width_percent=&#8221;100&#8243; shift_y=&#8221;0&#8243; z_index=&#8221;0&#8243; shape_dividers=&#8221;&#8221; el_class=&#8221;headings-text-blue&#8221;][vc_column width=&#8221;1\/1&#8243;][vc_column_text]<\/p>\n<h2>\u00c0 propos de Biens non r\u00e9clam\u00e9s<\/h2>\n<p>Les biens non r\u00e9clam\u00e9s sont des sommes d\u2019argent retenues par Old Republic, Compagnie d\u2019assurance du Canada \u00ab Old Republic \u00bb qui pourraient vous \u00eatre payables selon les modalit\u00e9s d\u2019un contrat d\u2019assurance, y compris mais non limit\u00e9 \u00e0 des r\u00e8glements de demandes d\u2019indemnit\u00e9, des dividendes de police, des remboursements de prime et des montant dus de commission. Il peut y avoir plusieurs raisons pour lesquelles cet argent n\u2019a pas \u00e9t\u00e9 r\u00e9clam\u00e9, par exemple, un changement d\u2019adresse ou de coordonn\u00e9es qui nous emp\u00eache de localiser le titulaire.<\/p>\n<h4>Quoi faire si vous croyez \u00eatre titulaire des biens non r\u00e9clam\u00e9s<\/h4>\n<p>Si vous croyez \u00eatre titulaire des biens non r\u00e9clam\u00e9s retenus par nous, ou si vous agissez de la part d\u2019un titulaire, et aimeriez d\u00e9marrer une enqu\u00eate, veuillez nous fournir les renseignements suivants et un repr\u00e9sentant de Old Republic entrera en communication avec vous dans les 4 \u00e0 6 semaines:<\/p>\n<ul>\n<li>Nom et pr\u00e9nom<\/li>\n<li>Coordonn\u00e9es actuelles : adresse, num\u00e9ro de t\u00e9l\u00e9phone et adresse courriel<\/li>\n<li>Lien de parent\u00e9 avec le titulaire, si vous agissez de la part de quelqu\u2019un d\u2019autre<\/li>\n<li>Le genre de biens non r\u00e9clam\u00e9s (demande d\u2019indemnit\u00e9, dividende de police, arr\u00e9rages de commission)<\/li>\n<li>Type de police (assurance-vie, assurance maladie, voyage)<\/li>\n<li>Num\u00e9ro de police, si vous le savez<\/li>\n<li>Le montant des biens non r\u00e9clam\u00e9s, si vous le savez<\/li>\n<\/ul>\n<p>Veuillez faire parvenir votre demande \u00e0:<\/p>\n<p><strong>Par courrier postal\u00a0:<\/strong><br \/>\nAttention: Conformit\u00e9\/Ombudsman<br \/>\nOld Republic, Compagnie d\u2019assurance du Canada<br \/>\nC.P. 557, 100 rue King Ouest<br \/>\nHamilton, ON<br \/>\nL8N 3K9<\/p>\n<p><strong>T\u00e9l\u00e9phone\u00a0<\/strong><strong>:<\/strong> 1-800-530-5446<\/p>\n<p><strong>Courriel\u00a0<\/strong><strong>:<\/strong> <a href=\"mailto:compliance@orican.com\">compliance@orican.com<\/a><\/p>\n<p><strong>Fax\u00a0<\/strong><strong>:<\/strong> 866-551-1702<\/p>\n<p>&nbsp;<\/p>\n<h2>La loi concernant les biens non r\u00e9clam\u00e9s<\/h2>\n<p>Selon la loi des provinces de la Colombie-Britannique, de l\u2019Alberta et du Qu\u00e9bec, quiconque d\u00e9tient des biens non r\u00e9clam\u00e9s doit faire des efforts raisonnables afin de trouver et communiquer avec le titulaire l\u00e9gitime, si la derni\u00e8re adresse connue \u00e9tait dans l\u2019une des provinces not\u00e9es plus haut.<\/p>\n<p>Pour plus de d\u00e9tails concernant les exigences r\u00e9gissant les biens non r\u00e9clam\u00e9s, veuillez visiter le site Web de votre gouvernement provincial:<\/p>\n<ul>\n<li>Revenu Qu\u00e9bec, Registre des biens non r\u00e9clam\u00e9s<\/li>\n<li>Alberta Treasury Board and Finance, Unclaimed Property<\/li>\n<li>British Columbia Unclaimed Property Society, Search for Unclaimed Property<\/li>\n<\/ul>\n<p>[\/vc_column_text][\/vc_column][\/vc_row][vc_row][vc_column width=&#8221;1\/1&#8243;][uncode_block id=&#8221;700&#8243;][\/vc_column][\/vc_row]<\/p>\n<\/div>","protected":false},"excerpt":{"rendered":"<p>[vc_row][vc_column width=&#8221;1\/1&#8243;][uncode_block id=&#8221;36&#8243;][\/vc_column][\/vc_row][vc_row row_height_percent=&#8221;0&#8243; override_padding=&#8221;yes&#8221; h_padding=&#8221;2&#8243; top_padding=&#8221;4&#8243; bottom_padding=&#8221;3&#8243; overlay_alpha=&#8221;50&#8243; gutter_size=&#8221;3&#8243; column_width_percent=&#8221;100&#8243; shift_y=&#8221;0&#8243; z_index=&#8221;0&#8243; shape_dividers=&#8221;&#8221; el_class=&#8221;headings-text-blue&#8221;][vc_column width=&#8221;1\/1&#8243;][vc_column_text] \u00c0 propos de Biens [&hellip;]<\/p>\n","protected":false},"author":12,"featured_media":0,"parent":0,"menu_order":0,"comment_status":"closed","ping_status":"closed","template":"","meta":{"inline_featured_image":false,"footnotes":""},"class_list":["post-1322","page","type-page","status-publish","hentry"],"_links":{"self":[{"href":"https:\/\/manitobastudentinsurance.ca\/fr\/wp-json\/wp\/v2\/pages\/1322","targetHints":{"allow":["GET"]}}],"collection":[{"href":"https:\/\/manitobastudentinsurance.ca\/fr\/wp-json\/wp\/v2\/pages"}],"about":[{"href":"https:\/\/manitobastudentinsurance.ca\/fr\/wp-json\/wp\/v2\/types\/page"}],"author":[{"embeddable":true,"href":"https:\/\/manitobastudentinsurance.ca\/fr\/wp-json\/wp\/v2\/users\/12"}],"replies":[{"embeddable":true,"href":"https:\/\/manitobastudentinsurance.ca\/fr\/wp-json\/wp\/v2\/comments?post=1322"}],"version-history":[{"count":0,"href":"https:\/\/manitobastudentinsurance.ca\/fr\/wp-json\/wp\/v2\/pages\/1322\/revisions"}],"wp:attachment":[{"href":"https:\/\/manitobastudentinsurance.ca\/fr\/wp-json\/wp\/v2\/media?parent=1322"}],"curies":[{"name":"wp","href":"https:\/\/api.w.org\/{rel}","templated":true}]}}