{"id":1309,"date":"2019-07-29T20:32:53","date_gmt":"2019-07-30T00:32:53","guid":{"rendered":"https:\/\/manitobastudentinsurance.ca\/?page_id=1309"},"modified":"2019-07-29T21:56:08","modified_gmt":"2019-07-30T01:56:08","slug":"politique-de-confidentialite","status":"publish","type":"page","link":"https:\/\/manitobastudentinsurance.ca\/fr\/politique-de-confidentialite\/","title":{"rendered":"Politique de confidentialit\u00e9"},"content":{"rendered":"<div class=\"wpb-content-wrapper\"><p>[vc_row][vc_column width=&#8221;1\/1&#8243;][uncode_block id=&#8221;36&#8243;][\/vc_column][\/vc_row][vc_row row_height_percent=&#8221;0&#8243; override_padding=&#8221;yes&#8221; h_padding=&#8221;2&#8243; top_padding=&#8221;4&#8243; bottom_padding=&#8221;3&#8243; overlay_alpha=&#8221;50&#8243; gutter_size=&#8221;3&#8243; column_width_percent=&#8221;100&#8243; shift_y=&#8221;0&#8243; z_index=&#8221;0&#8243; el_class=&#8221;headings-text-blue&#8221;][vc_column width=&#8221;1\/1&#8243;][vc_column_text]<\/p>\n<h2 style=\"text-align: left;\">Nous sommes engag\u00e9s \u00e0 prot\u00e9ger la confidentialit\u00e9<\/h2>\n<p>Recueillir vos renseignements personnels est essentiel afin de pouvoir vous offrir des produits et services d\u2019assurance de qualit\u00e9 sup\u00e9rieure. Nous nous effor\u00e7ons grandement pour pr\u00e9server l\u2019exactitude, la confidentialit\u00e9 et la s\u00e9curit\u00e9 des renseignements personnels que nous recueillons \u00e0 votre sujet.<\/p>\n<p>Notre politique \u00e9tablit des normes \u00e9lev\u00e9es de collecte, d\u2019utilisation, de divulgation et d\u2019entreposage des renseignements personnels. Le code de confidentialit\u00e9 de Old Republic, Compagnie d\u2019assurance du Canada compl\u00e8te notre politique de confidentialit\u00e9.<\/p>\n<p>Si vous avez des questions concernant la politique de confidentialit\u00e9 ou le code de confidentialit\u00e9 de Old Republic, Compagnie d\u2019assurance du Canada, veuillez communiquer avec notre Officier de la protection de la vie priv\u00e9e par t\u00e9l\u00e9phone au 1-800-465-0661 ou par courriel \u00e0 l\u2019adresse<a href=\"mailto:%20privacy@orican.com\"> privacy@orican.com<\/a>.<\/p>\n<p>Dans ce document, <strong>vous<\/strong> et <strong>votre<\/strong> ou <strong>vos<\/strong> d\u00e9signe l\u2019individu qui est client ou client potentiel de Old Republic, Compagnie d\u2019assurance du Canada \u00abOld Republic\u00bb et <strong>nous <\/strong>et <strong>notre<\/strong> ou <strong>nos<\/strong> d\u00e9signe Old Republic, Compagnie d\u2019assurance du Canada.<\/p>\n<h2 style=\"text-align: left;\">POLITIQUE DE CONFIDENTIALIT\u00c9 DE OLD REPUBLIC<\/h2>\n<ol style=\"text-align: left;\">\n<li><a href=\"#disclose\">Comment nous recueillons, utilisons et divulguons les renseignements personnels<\/a><\/li>\n<li><a href=\"#protect\">Nous prot\u00e9gerons vos renseignements personnels<\/a><\/li>\n<li><a href=\"#rights\">Votre droit d\u2019acc\u00e8s \u00e0 vos renseignements personnels<\/a><\/li>\n<li><a href=\"#register\">Comment d\u00e9poser une plainte <\/a><\/li>\n<li><a href=\"#moreinfo\">Pour de plus amples d\u00e9tails<\/a><\/li>\n<\/ol>\n<h2 id=\"disclose\" style=\"text-align: left;\">1. Comment nous recueillons, utilisons et divulguons les renseignements personnels<\/h2>\n<h4>Nous ne demandons que les renseignements dont nous avons besoin.<\/h4>\n<p>Nous ne recueillons les renseignements dont nous avons besoin qu\u2019aux seules fins que nous vous avons indiqu\u00e9es.<\/p>\n<p>Nos fichiers sont conserv\u00e9s dans le but de pouvoir vous offrir des produits et services d\u2019assurance que nous croyons adapt\u00e9s \u00e0 vos besoins, tout au long de votre vie.<\/p>\n<p>Nous ne vendrons pas vos renseignements personnels.<\/p>\n<h4>Pourquoi nous avons besoin des renseignements.<\/h4>\n<p>En g\u00e9n\u00e9ral, nous devons recueillir des renseignements personnels aux fins suivantes :<\/p>\n<ul>\n<li>comprendre vos besoins,<\/li>\n<li>d\u00e9terminer votre admissibilit\u00e9,<\/li>\n<li>continuer \u00e0 vous offrir la gamme compl\u00e8te de produits et services qui, selon nous, combleront vos besoins changeants et faire le suivi de tels produits et services,<\/li>\n<li>satisfaire aux exigences r\u00e9glementaires ou contractuelles se rapportant aux services et produits qui vous sont fournis.<\/li>\n<\/ul>\n<p>Nous nous assurerons que vous comprenez pourquoi nous avons besoin de ces renseignements en identifiant nos objectifs dans un langage clair et compr\u00e9hensible.<\/p>\n<h4>Nous obtiendrons votre permission.<\/h4>\n<p>Nous ne recueillons, utilisons ou divulguons vos renseignements personnels qu\u2019avec votre permission.<\/p>\n<p>Votre permission peut \u00eatre implicite ou exprim\u00e9e par \u00e9crit et vous pouvez nous l\u2019accorder verbalement, \u00e9lectroniquement ou par le biais de votre repr\u00e9sentant autoris\u00e9.<\/p>\n<p>Sous r\u00e9serve de restrictions l\u00e9gales et contractuelles, et en respectant des d\u00e9lais raisonnables, vous pouvez retirer votre permission de recueillir, d\u2019utiliser et de divulguer vos renseignements personnels en tout temps.<\/p>\n<p>Nous vous demanderons votre consentement lorsque nous devrons recueillir ou divulguer vos renseignements m\u00e9dicaux.<\/p>\n<p>Avant de permettre l\u2019acc\u00e8s d\u2019une information \u00e0 de tierces parties, autrement que pour les besoins d\u2019un agent ou prestataire de services, nous vous informerons des personnes ou entreprises auxquelles nous transmettrons ces renseignements, du type de renseignements que nous d\u00e9sirons partager et de la raison pour laquelle nous voulons le faire, au moment o\u00f9 nous obtenons votre consentement ou avant de rendre disponible ces renseignements.<\/p>\n<h4>Nous limiterons la dur\u00e9e de conservation des renseignements.<\/h4>\n<p>Nous conserverons vos renseignements personnels aussi longtemps que n\u00e9cessaire, y compris les mises \u00e0 jour du produit ou service ou si la loi l\u2019exige.<\/p>\n<p>Lorsque nous proc\u00e9dons \u00e0 la destruction de renseignements personnels, nous utiliserons des mesures de protection visant \u00e0 emp\u00eacher des parties non autoris\u00e9es d\u2019en obtenir l\u2019acc\u00e8s en cours de processus.<\/p>\n<h2 id=\"protect\" style=\"text-align: left;\">2. Nous prot\u00e9gerons vos renseignements personnels<\/h2>\n<p><strong>Nous sommes responsables de vos renseignements.<\/strong><\/p>\n<p>Nous sommes responsables de tous les renseignements personnels en notre possession, y compris les renseignements transmis \u00e0 un fournisseur de service ou agent de tierce partie, afin que nous puissions vous offrir un produit ou service.<\/p>\n<p>Tous les employ\u00e9s, agents et fournisseurs autoris\u00e9s de services de Old Republic ont la responsabilit\u00e9 de prot\u00e9ger la confidentialit\u00e9 de vos renseignements personnels.<\/p>\n<h4>Comment nous prot\u00e9geons les renseignements.<\/h4>\n<p>L\u2019acc\u00e8s \u00e0 vos renseignements personnels est restreint aux employ\u00e9s, agents et fournisseur autoris\u00e9s de services de Old Republic qui en ont besoin dans le cadre de leur travail.<\/p>\n<p>Nous avons \u00e9labor\u00e9 et continuons d\u2019am\u00e9liorer les proc\u00e9dures de s\u00e9curit\u00e9 visant \u00e0 prot\u00e9ger les renseignements personnels contre la perte, le vol, la divulgation non autoris\u00e9e, la copie et l\u2019utilisation ou la modification non autoris\u00e9es. Nous maintenons des mesures de protection et proc\u00e9dures de s\u00e9curit\u00e9 appropri\u00e9s qui tiennent compte du type de documents, y compris les dossiers \u00e9lectroniques ou sur papier. Nous avons mis en place des mesures organisationnelles, entre autres les habilitations de s\u00e9curit\u00e9 et la limitation de l\u2019acc\u00e8s bas\u00e9es sur la n\u00e9cessit\u00e9 d\u2019acc\u00e8s, ainsi que des mesures technologiques telles que l\u2019utilisation de mots de passe et l\u2019encodage.<\/p>\n<p>Bien que nous nous efforcions de prot\u00e9ger tous les renseignements, ceux qui sont les plus sensibles, par exemple les renseignements m\u00e9dicaux, font l\u2019objet du niveau le plus \u00e9lev\u00e9 de protection.<\/p>\n<h2 id=\"rights\" style=\"text-align: left;\">3. <strong>Votre droit d\u2019acc\u00e8s \u00e0 vos renseignements personnels<\/strong><\/h2>\n<h4>Vos droits.<\/h4>\n<p>Comme le pr\u00e9voit la loi, vous avez le droit de demander si nous d\u00e9tenons des renseignements personnels \u00e0 votre sujet et d\u2019exiger de consulter ces renseignements. Lorsque nous aurons obtenu des renseignements m\u00e9dicaux \u00e0 votre sujet par l\u2019entremise d\u2019une tierce partie, nous ne divulguerons ces renseignements qu\u2019avec le concours de votre m\u00e9decin.<\/p>\n<p>Vous avez le droit de savoir :<\/p>\n<ul>\n<li>comment nous avons recueilli vos renseignements personnels,<\/li>\n<li>comment nous les utilisons et<\/li>\n<li>\u00e0 qui ils pourraient \u00eatre divulgu\u00e9s.<\/li>\n<\/ul>\n<h4>Comment demander une mise \u00e0 jour ou une correction.<\/h4>\n<p>Si vous croyez qu\u2019une partie ou une autre des renseignements que nous avons recueillis \u00e0 votre sujet est incorrecte ou incompl\u00e8te, vous avez le droit de nous demander de la modifier.<\/p>\n<p>Si vous d\u00e9montrez que vos renseignements personnels sont inexacts ou incomplets, nous y apporterons les modifications requises.<\/p>\n<p>Si vous jugez que nous n\u2019avons pas trait\u00e9 votre demande \u00e0 votre enti\u00e8re satisfaction, vous pouvez suivre nos proc\u00e9dures de r\u00e9solution des plaintes.<\/p>\n<h2 id=\"register\" style=\"text-align: left;\">4. Comment d\u00e9poser une plainte<\/h2>\n<p>Vous pouvez d\u00e9poser une plainte li\u00e9e \u00e0 la confidentialit\u00e9 en communiquant avec l\u2019Officier de la protection de la vie priv\u00e9e de Old Republic. Nous vous expliquerons la proc\u00e9dure de plaintes de Old Republic et nous examinerons toutes les plaintes. Si une plainte est justifi\u00e9e, nous prendrons toutes les mesures n\u00e9cessaires pour r\u00e9gler la situation, y compris une modification de nos politiques et pratiques si besoin est. Nous vous informerons \u00e9galement des autres proc\u00e9dures de plainte qui pourraient \u00eatre \u00e0 votre disposition.<\/p>\n<h2 id=\"moreinfo\" style=\"text-align: left;\">5. <strong>Pour de plus amples d\u00e9tails<\/strong><\/h2>\n<p style=\"text-align: left;\">For more information, please <a href=\"https:\/\/manitobastudentinsurance.ca\/fr\/contactez-nous\/\">contact<\/a> Old Republic Canada&#8217;s Privacy Officer at <a href=\"tel:18005305446\" rel=\" noopener\">1-800-530-5446<\/a> or by email at <a href=\"mailto:privacy@orican.com\" rel=\" noopener\">privacy@orican.com<\/a>.<\/p>\n<h2 style=\"text-align: left;\">CODE DE CONFIDENTIALIT\u00c9 DE OLD REPUBLIC<\/h2>\n<h4 style=\"text-align: left;\">Principe 1 : Responsabilit\u00e9<\/h4>\n<p style=\"text-align: left;\">Chaque membre, employ\u00e9 ou agent de Old Republic est responsable des renseignements personnels qui sont sous son contr\u00f4le. Old Republic a d\u00e9sign\u00e9 un Officier de la protection de la vie priv\u00e9e qui sera responsable du respect de ce code.<\/p>\n<h4 style=\"text-align: left;\">Principe 2 : Identification des objectifs<\/h4>\n<p>Les objectifs de la collecte de renseignements personnels devront \u00eatre identifi\u00e9s avant ou au moment de la collecte de tels renseignements.<\/p>\n<h4 style=\"text-align: left;\">Principe 3 : Consentement<\/h4>\n<p style=\"text-align: left;\">The prior knowledge and permission of the individual are required for the collection, use or disclosure of personal information, except for legal or security reasons.<\/p>\n<h4 style=\"text-align: left;\">Principe 4 : Limitation de la collecte<\/h4>\n<p style=\"text-align: left;\">La collecte des renseignements personnels devra se limiter \u00e0 ce qui est n\u00e9cessaire aux fins identifi\u00e9es. Les renseignements personnels devront \u00eatre recueillis par des moyens justes et l\u00e9gaux.<\/p>\n<h4 style=\"text-align: left;\">Principe 5 : Limitation de l\u2019utilisation, de la divulgation et de la conservation<\/h4>\n<p style=\"text-align: left;\">Les renseignements personnels ne seront pas utilis\u00e9s, divulgu\u00e9s ou conserv\u00e9s \u00e0 des fins autres que celles pour lesquelles ils ont \u00e9t\u00e9 recueillis, except\u00e9 lorsque l\u2019individu concern\u00e9 le permet ou lorsque la loi le permet ou l\u2019exige.<\/p>\n<h4 style=\"text-align: left;\">Principe 6 : Exactitude<\/h4>\n<p style=\"text-align: left;\">Les renseignements personnels devront \u00eatre exacts, complets et actuels comme le stipulent les objectifs identifi\u00e9s pour lesquels ils seront utilis\u00e9s.<\/p>\n<h4 style=\"text-align: left;\">Principe 7 : Protection des renseignements<\/h4>\n<p style=\"text-align: left;\">Les renseignements personnels seront prot\u00e9g\u00e9s par des mesures de protection appropri\u00e9s eu \u00e9gard \u00e0 la sensibilit\u00e9 de l\u2019information.<\/p>\n<h4 style=\"text-align: left;\">Principe 8 : Transparence<\/h4>\n<p style=\"text-align: left;\">Old Republic mettra \u00e0 la disposition de ses clients les informations sp\u00e9cifiques concernant ses politiques et proc\u00e9dures en mati\u00e8re de gestion des renseignements personnels.<\/p>\n<h4 style=\"text-align: left;\">Principe 9 : Acc\u00e8s individuel<\/h4>\n<p style=\"text-align: left;\">\u00c0 sa demande, tout individu sera inform\u00e9 de l\u2019existence, de l\u2019utilisation et de la divulgation de ses renseignements personnels et l\u2019acc\u00e8s \u00e0 ces renseignements devra lui sera accord\u00e9. Tout individu pourra contester l\u2019exactitude et l\u2019int\u00e9grit\u00e9 des renseignements et y faire apporter des modifications le cas \u00e9ch\u00e9ant.<\/p>\n<h4 style=\"text-align: left;\">Principe 10 : Traitement des plaintes et suggestions\/h4&gt;<\/h4>\n<p style=\"text-align: left;\">Tout individu peut d\u00e9poser une plainte concernant la conformit\u00e9 aux principes ci-dessus aupr\u00e8s de :<br \/>\nOfficier de la protection de la vie priv\u00e9e,<br \/>\nOld Republic, Compagnie d\u2019assurance du Canada<br \/>\n<a href=\"https:\/\/www.google.com\/maps?q=100+King+Street+W.,+Hamilton+ON+L8N+3K9&amp;um=1&amp;ie=UTF-8&amp;sa=X&amp;ved=0ahUKEwjwhd2jsfreAhULEqwKHeEYB8AQ_AUIDigB\" target=\"_blank\" rel=\"noopener noreferrer\">C.P. 557, 100 rue King Ouest<br \/>\nHamilton ON L8N 3K9<\/a><\/p>\n<p>[\/vc_column_text][\/vc_column][\/vc_row][vc_row][vc_column width=&#8221;1\/1&#8243;][uncode_block id=&#8221;700&#8243;][\/vc_column][\/vc_row]<\/p>\n<\/div>","protected":false},"excerpt":{"rendered":"<p>[vc_row][vc_column width=&#8221;1\/1&#8243;][uncode_block id=&#8221;36&#8243;][\/vc_column][\/vc_row][vc_row row_height_percent=&#8221;0&#8243; override_padding=&#8221;yes&#8221; h_padding=&#8221;2&#8243; top_padding=&#8221;4&#8243; bottom_padding=&#8221;3&#8243; overlay_alpha=&#8221;50&#8243; gutter_size=&#8221;3&#8243; column_width_percent=&#8221;100&#8243; shift_y=&#8221;0&#8243; z_index=&#8221;0&#8243; el_class=&#8221;headings-text-blue&#8221;][vc_column width=&#8221;1\/1&#8243;][vc_column_text] Nous sommes engag\u00e9s \u00e0 prot\u00e9ger [&hellip;]<\/p>\n","protected":false},"author":12,"featured_media":0,"parent":0,"menu_order":0,"comment_status":"closed","ping_status":"open","template":"","meta":{"inline_featured_image":false,"footnotes":""},"class_list":["post-1309","page","type-page","status-publish","hentry"],"_links":{"self":[{"href":"https:\/\/manitobastudentinsurance.ca\/fr\/wp-json\/wp\/v2\/pages\/1309","targetHints":{"allow":["GET"]}}],"collection":[{"href":"https:\/\/manitobastudentinsurance.ca\/fr\/wp-json\/wp\/v2\/pages"}],"about":[{"href":"https:\/\/manitobastudentinsurance.ca\/fr\/wp-json\/wp\/v2\/types\/page"}],"author":[{"embeddable":true,"href":"https:\/\/manitobastudentinsurance.ca\/fr\/wp-json\/wp\/v2\/users\/12"}],"replies":[{"embeddable":true,"href":"https:\/\/manitobastudentinsurance.ca\/fr\/wp-json\/wp\/v2\/comments?post=1309"}],"version-history":[{"count":0,"href":"https:\/\/manitobastudentinsurance.ca\/fr\/wp-json\/wp\/v2\/pages\/1309\/revisions"}],"wp:attachment":[{"href":"https:\/\/manitobastudentinsurance.ca\/fr\/wp-json\/wp\/v2\/media?parent=1309"}],"curies":[{"name":"wp","href":"https:\/\/api.w.org\/{rel}","templated":true}]}}