{"id":1164,"date":"2019-07-28T12:39:14","date_gmt":"2019-07-28T16:39:14","guid":{"rendered":"https:\/\/manitobastudentinsurance.ca\/?page_id=1164"},"modified":"2019-09-13T16:11:24","modified_gmt":"2019-09-13T20:11:24","slug":"ressources","status":"publish","type":"page","link":"https:\/\/manitobastudentinsurance.ca\/fr\/ressources\/","title":{"rendered":"Ressources"},"content":{"rendered":"<div class=\"wpb-content-wrapper\"><p>[vc_row][vc_column width=&#8221;1\/1&#8243;][uncode_block id=&#8221;36&#8243;][\/vc_column][\/vc_row][vc_row row_height_percent=&#8221;0&#8243; back_image=&#8221;595&#8243; back_repeat=&#8221;no-repeat&#8221; parallax=&#8221;yes&#8221; overlay_alpha=&#8221;50&#8243; gutter_size=&#8221;3&#8243; column_width_percent=&#8221;100&#8243; shift_y=&#8221;0&#8243; z_index=&#8221;0&#8243; row_height_pixel=&#8221;350&#8243;][vc_column width=&#8221;1\/1&#8243;][\/vc_column][\/vc_row][vc_row row_height_percent=&#8221;0&#8243; override_padding=&#8221;yes&#8221; h_padding=&#8221;2&#8243; top_padding=&#8221;5&#8243; bottom_padding=&#8221;2&#8243; overlay_alpha=&#8221;50&#8243; gutter_size=&#8221;3&#8243; column_width_percent=&#8221;100&#8243; shift_y=&#8221;0&#8243; z_index=&#8221;0&#8243;][vc_column width=&#8221;1\/1&#8243;][vc_row_inner][vc_column_inner column_width_percent=&#8221;100&#8243; align_horizontal=&#8221;align_center&#8221; gutter_size=&#8221;3&#8243; overlay_alpha=&#8221;50&#8243; medium_visibility=&#8221;yes&#8221; medium_width=&#8221;0&#8243; mobile_visibility=&#8221;yes&#8221; mobile_width=&#8221;0&#8243; shift_x=&#8221;0&#8243; shift_y=&#8221;0&#8243; shift_y_down=&#8221;0&#8243; z_index=&#8221;0&#8243; width=&#8221;1\/4&#8243;][\/vc_column_inner][vc_column_inner column_width_percent=&#8221;100&#8243; align_horizontal=&#8221;align_center&#8221; gutter_size=&#8221;3&#8243; overlay_alpha=&#8221;50&#8243; medium_width=&#8221;7&#8243; mobile_width=&#8221;0&#8243; shift_x=&#8221;0&#8243; shift_y=&#8221;0&#8243; shift_y_down=&#8221;0&#8243; z_index=&#8221;0&#8243; width=&#8221;1\/2&#8243;][vc_custom_heading]Ressources pour les parents[\/vc_custom_heading][vc_column_text text_lead=&#8221;yes&#8221; el_class=&#8221;lh-1-3&#8243; css=&#8221;.vc_custom_1564351056531{margin-top: 24px !important;}&#8221;]<\/p>\n<p style=\"text-align: center;\"><strong>Les sites suivants pr\u00e9sentent des ressources utiles pour les parents voulant approfondir leur connaissances en mati\u00e8re de la s\u00e9curit\u00e9 de l\u2019enfant!<\/strong><\/p>\n<p>[\/vc_column_text][\/vc_column_inner][vc_column_inner column_width_percent=&#8221;100&#8243; gutter_size=&#8221;3&#8243; overlay_alpha=&#8221;50&#8243; medium_visibility=&#8221;yes&#8221; medium_width=&#8221;0&#8243; mobile_visibility=&#8221;yes&#8221; mobile_width=&#8221;0&#8243; shift_x=&#8221;0&#8243; shift_y=&#8221;0&#8243; shift_y_down=&#8221;0&#8243; z_index=&#8221;0&#8243; width=&#8221;1\/4&#8243;][\/vc_column_inner][\/vc_row_inner][vc_row_inner row_inner_height_percent=&#8221;0&#8243; overlay_alpha=&#8221;50&#8243; gutter_size=&#8221;3&#8243; shift_y=&#8221;0&#8243; z_index=&#8221;0&#8243; el_class=&#8221;text-underline links-resources&#8221;][vc_column_inner column_width_percent=&#8221;100&#8243; gutter_size=&#8221;3&#8243; overlay_alpha=&#8221;50&#8243; medium_visibility=&#8221;yes&#8221; medium_width=&#8221;0&#8243; mobile_visibility=&#8221;yes&#8221; mobile_width=&#8221;0&#8243; shift_x=&#8221;0&#8243; shift_y=&#8221;0&#8243; shift_y_down=&#8221;0&#8243; z_index=&#8221;0&#8243; width=&#8221;1\/12&#8243;][\/vc_column_inner][vc_column_inner column_width_percent=&#8221;100&#8243; gutter_size=&#8221;3&#8243; overlay_alpha=&#8221;50&#8243; medium_visibility=&#8221;yes&#8221; medium_width=&#8221;4&#8243; mobile_width=&#8221;0&#8243; shift_x=&#8221;0&#8243; shift_y=&#8221;0&#8243; shift_y_down=&#8221;0&#8243; z_index=&#8221;0&#8243; width=&#8221;5\/12&#8243;][vc_button button_color=&#8221;accent&#8221; size=&#8221;link&#8221; btn_link_size=&#8221;h5&#8243; border_width=&#8221;0&#8243; link=&#8221;url:http%3A%2F%2Fwww.phac-aspc.gc.ca%2Findex-fra.php||target:%20_blank|&#8221;]Agence de la sant\u00e9 publique du Canada[\/vc_button][vc_button button_color=&#8221;accent&#8221; size=&#8221;link&#8221; btn_link_size=&#8221;h5&#8243; border_width=&#8221;0&#8243; link=&#8221;url:http%3A%2F%2Fwww.safekidscanada.ca%2FHome%2Ftabid%2F40%2Flanguage%2Ffr-CA%2FDefault.aspx||target:%20_blank|&#8221;]S\u00e9curiJeunes Canada[\/vc_button][vc_button button_color=&#8221;accent&#8221; size=&#8221;link&#8221; btn_link_size=&#8221;h5&#8243; border_width=&#8221;0&#8243; link=&#8221;url:http%3A%2F%2Fwww.professionsante.ca%2F||target:%20_blank|&#8221;]R\u00e9seau canadien de la sant\u00e9[\/vc_button][vc_button button_color=&#8221;accent&#8221; size=&#8221;link&#8221; btn_link_size=&#8221;h5&#8243; border_width=&#8221;0&#8243; link=&#8221;url:http%3A%2F%2Fwww.soinsdenosenfants.cps.ca%2F||target:%20_blank|&#8221;]Soignons les enfants[\/vc_button][\/vc_column_inner][vc_column_inner width=&#8221;1\/2&#8243;][vc_button button_color=&#8221;accent&#8221; size=&#8221;link&#8221; btn_link_size=&#8221;h5&#8243; border_width=&#8221;0&#8243; link=&#8221;url:http%3A%2F%2Fcanadasafetycouncil.org%2F||target:%20_blank|&#8221;]Conseil canadien de la s\u00e9curit\u00e9[\/vc_button][vc_button button_color=&#8221;accent&#8221; size=&#8221;link&#8221; btn_link_size=&#8221;h5&#8243; border_width=&#8221;0&#8243; link=&#8221;url:http%3A%2F%2Fwww.croixrouge.ca%2F||target:%20_blank|&#8221;]Les services de s\u00e9curit\u00e9 aquatique de la Croix-Rouge canadienne[\/vc_button][vc_button button_color=&#8221;accent&#8221; size=&#8221;link&#8221; btn_link_size=&#8221;h5&#8243; border_width=&#8221;0&#8243; link=&#8221;url:http%3A%2F%2Fwww.tc.gc.ca%2Froadsafety||target:%20_blank|&#8221;]Transports Canada[\/vc_button][\/vc_column_inner][\/vc_row_inner][\/vc_column][\/vc_row][vc_row][vc_column width=&#8221;1\/1&#8243;][vc_column_text]<\/p>\n<p style=\"text-align: center;\"><strong>Avis de non-responsabilit\u00e9 :<\/strong><\/p>\n<p style=\"text-align: center;\">L\u2019assurance Accident \u00e9tudiant et Old Republic Canada n\u2019ont aucune association avec les organisations not\u00e9es plus haut.<br \/>\nCes ressources servent aux fins d\u2019information\/\u00e9ducation seulement.<\/p>\n<p>[\/vc_column_text][\/vc_column][\/vc_row][vc_row][vc_column width=&#8221;1\/1&#8243;][uncode_block id=&#8221;589&#8243;][\/vc_column][\/vc_row][vc_row][vc_column width=&#8221;1\/1&#8243;][uncode_block id=&#8221;618&#8243;][\/vc_column][\/vc_row][vc_row][vc_column width=&#8221;1\/1&#8243;][uncode_block id=&#8221;643&#8243;][\/vc_column][\/vc_row]<\/p>\n<\/div>","protected":false},"excerpt":{"rendered":"<p>[vc_row][vc_column width=&#8221;1\/1&#8243;][uncode_block id=&#8221;36&#8243;][\/vc_column][\/vc_row][vc_row row_height_percent=&#8221;0&#8243; back_image=&#8221;595&#8243; back_repeat=&#8221;no-repeat&#8221; parallax=&#8221;yes&#8221; overlay_alpha=&#8221;50&#8243; gutter_size=&#8221;3&#8243; column_width_percent=&#8221;100&#8243; shift_y=&#8221;0&#8243; z_index=&#8221;0&#8243; row_height_pixel=&#8221;350&#8243;][vc_column width=&#8221;1\/1&#8243;][\/vc_column][\/vc_row][vc_row row_height_percent=&#8221;0&#8243; override_padding=&#8221;yes&#8221; h_padding=&#8221;2&#8243; top_padding=&#8221;5&#8243; bottom_padding=&#8221;2&#8243; overlay_alpha=&#8221;50&#8243; [&hellip;]<\/p>\n","protected":false},"author":12,"featured_media":0,"parent":0,"menu_order":0,"comment_status":"closed","ping_status":"closed","template":"","meta":{"inline_featured_image":false,"footnotes":""},"class_list":["post-1164","page","type-page","status-publish","hentry"],"_links":{"self":[{"href":"https:\/\/manitobastudentinsurance.ca\/fr\/wp-json\/wp\/v2\/pages\/1164","targetHints":{"allow":["GET"]}}],"collection":[{"href":"https:\/\/manitobastudentinsurance.ca\/fr\/wp-json\/wp\/v2\/pages"}],"about":[{"href":"https:\/\/manitobastudentinsurance.ca\/fr\/wp-json\/wp\/v2\/types\/page"}],"author":[{"embeddable":true,"href":"https:\/\/manitobastudentinsurance.ca\/fr\/wp-json\/wp\/v2\/users\/12"}],"replies":[{"embeddable":true,"href":"https:\/\/manitobastudentinsurance.ca\/fr\/wp-json\/wp\/v2\/comments?post=1164"}],"version-history":[{"count":0,"href":"https:\/\/manitobastudentinsurance.ca\/fr\/wp-json\/wp\/v2\/pages\/1164\/revisions"}],"wp:attachment":[{"href":"https:\/\/manitobastudentinsurance.ca\/fr\/wp-json\/wp\/v2\/media?parent=1164"}],"curies":[{"name":"wp","href":"https:\/\/api.w.org\/{rel}","templated":true}]}}