{"id":1162,"date":"2019-07-28T12:37:45","date_gmt":"2019-07-28T16:37:45","guid":{"rendered":"https:\/\/manitobastudentinsurance.ca\/?page_id=1162"},"modified":"2023-11-17T16:26:44","modified_gmt":"2023-11-17T21:26:44","slug":"presenter-une-reclamation","status":"publish","type":"page","link":"https:\/\/manitobastudentinsurance.ca\/fr\/presenter-une-reclamation\/","title":{"rendered":"Pr\u00e9senter une r\u00e9clamation"},"content":{"rendered":"<div class=\"wpb-content-wrapper\"><p>[vc_row][vc_column width=&#8221;1\/1&#8243;][uncode_block id=&#8221;36&#8243;][\/vc_column][\/vc_row][vc_row row_height_percent=&#8221;0&#8243; back_image=&#8221;606&#8243; back_repeat=&#8221;no-repeat&#8221; parallax=&#8221;yes&#8221; overlay_alpha=&#8221;50&#8243; gutter_size=&#8221;3&#8243; column_width_percent=&#8221;100&#8243; shift_y=&#8221;0&#8243; z_index=&#8221;0&#8243; row_height_pixel=&#8221;350&#8243;][vc_column width=&#8221;1\/1&#8243;][\/vc_column][\/vc_row][vc_row row_height_percent=&#8221;0&#8243; override_padding=&#8221;yes&#8221; h_padding=&#8221;5&#8243; top_padding=&#8221;5&#8243; bottom_padding=&#8221;2&#8243; overlay_alpha=&#8221;50&#8243; gutter_size=&#8221;3&#8243; column_width_percent=&#8221;100&#8243; shift_y=&#8221;0&#8243; z_index=&#8221;0&#8243;][vc_column width=&#8221;1\/1&#8243;][vc_custom_heading]Simple comme 1\u20262\u20263[\/vc_custom_heading][vc_row_inner row_inner_height_percent=&#8221;0&#8243; overlay_alpha=&#8221;50&#8243; gutter_size=&#8221;4&#8243; shift_y=&#8221;0&#8243; z_index=&#8221;0&#8243;][vc_column_inner width=&#8221;7\/12&#8243;][vc_custom_heading heading_semantic=&#8221;h3&#8243; text_size=&#8221;h5&#8243;]1. Obtenez un formulaire de r\u00e9clamation.[\/vc_custom_heading][vc_button button_color=&#8221;color-198256&#8243; border_width=&#8221;0&#8243; display=&#8221;inline&#8221; top_margin=&#8221;yes&#8221; link=&#8221;url:https%3A%2F%2Fmanitobastudentinsurance.ca%2Fwp-content%2Fuploads%2F2019%2F08%2FSAF-Claim-Form.pdf||target:%20_blank|&#8221;]T\u00e9l\u00e9charger le formulaire de demande[\/vc_button][vc_column_text css=&#8221;.vc_custom_1594755348569{margin-top: 0px !important;}&#8221;]<small>(Le lecteur Adobe Acrobat est requis. <a class=\"text-underline\" href=\"https:\/\/get.adobe.com\/reader\/\" target=\"_blank\" rel=\"noopener noreferrer\">Cliquez ici pour le t\u00e9l\u00e9charger<\/a>.)<\/small>[\/vc_column_text][vc_custom_heading heading_semantic=&#8221;h3&#8243; text_size=&#8221;h5&#8243;]2. Remplissez la page 1 du formulaire. Les enfants assur\u00e9s d&#8217;\u00e2ge minoritaire doivent faire remplir et signer le formulaire par un parent ou tuteur d\u2019\u00e2ge majoritaire.[\/vc_custom_heading][vc_column_text]Pour r\u00e9clamer des frais autres que dentaires : faites remplir la D\u00e9claration de m\u00e9decin \u00e0 la page 2 du formulaire par un m\u00e9decin.<\/p>\n<p>Pour r\u00e9clamer des frais dentaires : faites remplir le formulaire de r\u00e9clamation dentaire \u00e0 la page 3 du formulaire par un dentiste.<\/p>\n<p>Signalez l&#8217;accident \u00e0 la compagnie dans les 60 jours de la date de survenance et soumettez vos preuves, y compris un rapport de m\u00e9decin ou de dentiste, dans les 90 jours de l&#8217;accident . [\/vc_column_text][\/vc_column_inner][vc_column_inner width=&#8221;5\/12&#8243;][vc_custom_heading heading_semantic=&#8221;h3&#8243; text_size=&#8221;h5&#8243;]3. Exp\u00e9diez le formulaire de r\u00e9clamation \u00e0 l&#8217;adresse suivante:[\/vc_custom_heading][vc_column_text uncode_shortcode_id=&#8221;157728&#8243;]Old Republic, Compagnie d&#8217;assurance du Canada<br \/>\nService de r\u00e9clamations Accident \u00e9tudiant<br \/>\n100 rue King Ouest, Suite 1100<br \/>\nHamilton ON L8P 1A2[\/vc_column_text][\/vc_column_inner][\/vc_row_inner][\/vc_column][\/vc_row][vc_row row_height_percent=&#8221;0&#8243; override_padding=&#8221;yes&#8221; h_padding=&#8221;6&#8243; top_padding=&#8221;3&#8243; bottom_padding=&#8221;2&#8243; overlay_alpha=&#8221;50&#8243; gutter_size=&#8221;3&#8243; column_width_percent=&#8221;100&#8243; shift_y=&#8221;0&#8243; z_index=&#8221;0&#8243;][vc_column column_width_percent=&#8221;100&#8243; align_horizontal=&#8221;align_center&#8221; gutter_size=&#8221;3&#8243; overlay_alpha=&#8221;50&#8243; shift_x=&#8221;0&#8243; shift_y=&#8221;0&#8243; shift_y_down=&#8221;0&#8243; z_index=&#8221;0&#8243; medium_width=&#8221;0&#8243; mobile_width=&#8221;0&#8243; width=&#8221;1\/1&#8243;][vc_custom_heading]Consultez la police pour toutes les conditions, limitations et exclusions.[\/vc_custom_heading][vc_button button_color=&#8221;color-198256&#8243; size=&#8221;btn-lg&#8221; border_width=&#8221;0&#8243; link=&#8221;url:%2Ffr%2Fnos-plans%2Fafficher-la-police%2F|title:View%20Policy||&#8221;]Afficher la police[\/vc_button][\/vc_column][\/vc_row][vc_row][vc_column width=&#8221;1\/1&#8243;][uncode_block id=&#8221;516&#8243;][\/vc_column][\/vc_row]<\/p>\n<\/div>","protected":false},"excerpt":{"rendered":"<p>[vc_row][vc_column width=&#8221;1\/1&#8243;][uncode_block id=&#8221;36&#8243;][\/vc_column][\/vc_row][vc_row row_height_percent=&#8221;0&#8243; back_image=&#8221;606&#8243; back_repeat=&#8221;no-repeat&#8221; parallax=&#8221;yes&#8221; overlay_alpha=&#8221;50&#8243; gutter_size=&#8221;3&#8243; column_width_percent=&#8221;100&#8243; shift_y=&#8221;0&#8243; z_index=&#8221;0&#8243; row_height_pixel=&#8221;350&#8243;][vc_column width=&#8221;1\/1&#8243;][\/vc_column][\/vc_row][vc_row row_height_percent=&#8221;0&#8243; override_padding=&#8221;yes&#8221; h_padding=&#8221;5&#8243; top_padding=&#8221;5&#8243; bottom_padding=&#8221;2&#8243; overlay_alpha=&#8221;50&#8243; [&hellip;]<\/p>\n","protected":false},"author":12,"featured_media":0,"parent":0,"menu_order":0,"comment_status":"closed","ping_status":"closed","template":"","meta":{"inline_featured_image":false,"footnotes":""},"class_list":["post-1162","page","type-page","status-publish","hentry"],"_links":{"self":[{"href":"https:\/\/manitobastudentinsurance.ca\/fr\/wp-json\/wp\/v2\/pages\/1162","targetHints":{"allow":["GET"]}}],"collection":[{"href":"https:\/\/manitobastudentinsurance.ca\/fr\/wp-json\/wp\/v2\/pages"}],"about":[{"href":"https:\/\/manitobastudentinsurance.ca\/fr\/wp-json\/wp\/v2\/types\/page"}],"author":[{"embeddable":true,"href":"https:\/\/manitobastudentinsurance.ca\/fr\/wp-json\/wp\/v2\/users\/12"}],"replies":[{"embeddable":true,"href":"https:\/\/manitobastudentinsurance.ca\/fr\/wp-json\/wp\/v2\/comments?post=1162"}],"version-history":[{"count":0,"href":"https:\/\/manitobastudentinsurance.ca\/fr\/wp-json\/wp\/v2\/pages\/1162\/revisions"}],"wp:attachment":[{"href":"https:\/\/manitobastudentinsurance.ca\/fr\/wp-json\/wp\/v2\/media?parent=1162"}],"curies":[{"name":"wp","href":"https:\/\/api.w.org\/{rel}","templated":true}]}}