{"id":1154,"date":"2019-07-28T12:34:12","date_gmt":"2019-07-28T16:34:12","guid":{"rendered":"https:\/\/manitobastudentinsurance.ca\/?page_id=1154"},"modified":"2021-07-15T00:31:45","modified_gmt":"2021-07-15T04:31:45","slug":"quest-ce-que-cest-que-lassurance-accident-etudiant","status":"publish","type":"page","link":"https:\/\/manitobastudentinsurance.ca\/fr\/a-propos-de-nous\/quest-ce-que-cest-que-lassurance-accident-etudiant\/","title":{"rendered":"Qu\u2019est-ce que c\u2019est que l\u2019assurance Accident \u00e9tudiant?"},"content":{"rendered":"<div class=\"wpb-content-wrapper\"><p>[vc_row][vc_column width=&#8221;1\/1&#8243;][uncode_block id=&#8221;36&#8243;][\/vc_column][\/vc_row][vc_row row_height_percent=&#8221;0&#8243; override_padding=&#8221;yes&#8221; h_padding=&#8221;5&#8243; top_padding=&#8221;5&#8243; bottom_padding=&#8221;3&#8243; overlay_alpha=&#8221;50&#8243; gutter_size=&#8221;3&#8243; column_width_percent=&#8221;100&#8243; shift_y=&#8221;0&#8243; z_index=&#8221;0&#8243;][vc_column column_width_percent=&#8221;100&#8243; align_horizontal=&#8221;align_center&#8221; gutter_size=&#8221;3&#8243; overlay_alpha=&#8221;50&#8243; shift_x=&#8221;0&#8243; shift_y=&#8221;0&#8243; shift_y_down=&#8221;0&#8243; z_index=&#8221;0&#8243; medium_width=&#8221;0&#8243; mobile_width=&#8221;0&#8243; width=&#8221;1\/1&#8243;][vc_custom_heading text_weight=&#8221;400&#8243;]C\u2019est un fait, il arrive des accidents! Heureusement, m\u00eame si on ne peut pas les pr\u00e9venir, on peut s\u2019y pr\u00e9parer financi\u00e8rement![\/vc_custom_heading][vc_row_inner limit_content=&#8221;&#8221;][vc_column_inner width=&#8221;1\/12&#8243;][\/vc_column_inner][vc_column_inner column_width_percent=&#8221;100&#8243; align_horizontal=&#8221;align_center&#8221; gutter_size=&#8221;3&#8243; overlay_alpha=&#8221;50&#8243; shift_x=&#8221;0&#8243; shift_y=&#8221;0&#8243; shift_y_down=&#8221;0&#8243; z_index=&#8221;0&#8243; medium_width=&#8221;0&#8243; mobile_width=&#8221;0&#8243; width=&#8221;10\/12&#8243;][vc_custom_heading heading_semantic=&#8221;h3&#8243; text_size=&#8221;h4&#8243; text_weight=&#8221;700&#8243;]L\u2019assurance Accident \u00e9tudiant est essentielle afin de prot\u00e9ger les finances de votre famille contre les d\u00e9penses impr\u00e9vues auxquelles vous feriez peut \u00eatre face si votre enfant subit une blessure.[\/vc_custom_heading][\/vc_column_inner][vc_column_inner width=&#8221;1\/12&#8243;][\/vc_column_inner][\/vc_row_inner][\/vc_column][\/vc_row][vc_row][vc_column column_width_percent=&#8221;100&#8243; align_horizontal=&#8221;align_center&#8221; gutter_size=&#8221;3&#8243; overlay_alpha=&#8221;50&#8243; shift_x=&#8221;0&#8243; shift_y=&#8221;0&#8243; shift_y_down=&#8221;0&#8243; z_index=&#8221;0&#8243; medium_width=&#8221;0&#8243; mobile_width=&#8221;0&#8243; width=&#8221;1\/1&#8243;][vc_custom_heading]Les parents emportent une bonne note<br \/>\nau sujet de l\u2019assurance Accident \u00e9tudiant[\/vc_custom_heading][vc_tabs][vc_tab title=&#8221;abordable&#8221; tab_id=&#8221;1564153346-1-67&#8243;][vc_column_text]<\/p>\n<h4 class=\"text-blue\" style=\"text-align: center;\">Nos 3 plans conviennent \u00e0 tout budget familial.<\/h4>\n<h4 class=\"text-light\" style=\"text-align: center;\">R\u00e9gime Platine \u2013 42 $\/ann\u00e9e<br \/>\nR\u00e9gime Or \u2013 32 $\/ann\u00e9e<br \/>\nR\u00e9gime Argent \u2013 17 $\/ann\u00e9e<\/h4>\n<h5 class=\"text-light\" style=\"text-align: center;\"><strong>Vous voulez des rabais?<\/strong> <a class=\"text-underline\" href=\"https:\/\/manitobastudentinsurance.ca\/fr\/nos-plans\/comparer-les-plans\/#year-plans-3-5\">Informez-vous sur nos r\u00e9gimes de 3 et 5 ans!<\/a><\/h5>\n<h5 class=\"text-light\" style=\"text-align: center;\"><strong>Simplifiez-vous la vie!<\/strong> <a href=\"#automatic-renewal-learn-more\"><u>Informez-vous sur l\u2019option de renouvellement automatique!<\/u><\/a><\/h5>\n<p>&nbsp;<\/p>\n<p>&nbsp;<\/p>\n<p>&nbsp;[\/vc_column_text][\/vc_tab][vc_tab title=&#8221;Alerte&#8221; tab_id=&#8221;1564153346-2-83&#8243;][vc_row_inner limit_content=&#8221;&#8221;][vc_column_inner column_width_percent=&#8221;100&#8243; gutter_size=&#8221;3&#8243; overlay_alpha=&#8221;50&#8243; shift_x=&#8221;0&#8243; shift_y=&#8221;0&#8243; shift_y_down=&#8221;0&#8243; z_index=&#8221;0&#8243; medium_visibility=&#8221;yes&#8221; medium_width=&#8221;0&#8243; mobile_visibility=&#8221;yes&#8221; mobile_width=&#8221;0&#8243; width=&#8221;1\/6&#8243;][\/vc_column_inner][vc_column_inner column_width_percent=&#8221;100&#8243; gutter_size=&#8221;3&#8243; overlay_alpha=&#8221;50&#8243; shift_x=&#8221;0&#8243; shift_y=&#8221;0&#8243; shift_y_down=&#8221;0&#8243; z_index=&#8221;0&#8243; medium_width=&#8221;7&#8243; mobile_width=&#8221;0&#8243; width=&#8221;4\/6&#8243;][vc_column_text]<\/p>\n<h4 class=\"text-light\" style=\"text-align: center;\">O\u00f9 qu\u2019arrive l\u2019accident et quelle que soit l\u2019heure, nos plans fournissent une protection 24 heures sur 24, 7 jours sur 7 pendant toute l\u2019ann\u00e9e! Votre enfant est prot\u00e9g\u00e9 \u00e0 l\u2019\u00e9cole, au parc ou dans la cour chez lui!<\/h4>\n<h4 class=\"text-blue\" style=\"text-align: center;\">L\u2019assurance Accident \u00e9tudiant est toujours en service!<\/h4>\n<p>[\/vc_column_text][\/vc_column_inner][vc_column_inner column_width_percent=&#8221;100&#8243; gutter_size=&#8221;3&#8243; overlay_alpha=&#8221;50&#8243; shift_x=&#8221;0&#8243; shift_y=&#8221;0&#8243; shift_y_down=&#8221;0&#8243; z_index=&#8221;0&#8243; medium_visibility=&#8221;yes&#8221; medium_width=&#8221;0&#8243; mobile_visibility=&#8221;yes&#8221; mobile_width=&#8221;0&#8243; width=&#8221;1\/6&#8243;][\/vc_column_inner][\/vc_row_inner][\/vc_tab][vc_tab title=&#8221;Protection Avanc\u00e9e&#8221; tab_id=&#8221;1564154246582-2-6&#8243;][vc_row_inner limit_content=&#8221;&#8221;][vc_column_inner column_width_percent=&#8221;100&#8243; gutter_size=&#8221;3&#8243; overlay_alpha=&#8221;50&#8243; shift_x=&#8221;0&#8243; shift_y=&#8221;0&#8243; shift_y_down=&#8221;0&#8243; z_index=&#8221;0&#8243; medium_visibility=&#8221;yes&#8221; medium_width=&#8221;0&#8243; mobile_visibility=&#8221;yes&#8221; mobile_width=&#8221;0&#8243; width=&#8221;1\/6&#8243;][\/vc_column_inner][vc_column_inner column_width_percent=&#8221;100&#8243; gutter_size=&#8221;3&#8243; overlay_alpha=&#8221;50&#8243; shift_x=&#8221;0&#8243; shift_y=&#8221;0&#8243; shift_y_down=&#8221;0&#8243; z_index=&#8221;0&#8243; medium_width=&#8221;7&#8243; mobile_width=&#8221;0&#8243; width=&#8221;4\/6&#8243;][vc_column_text]<\/p>\n<h4 class=\"text-light\" style=\"text-align: center;\">Saviez-vous que souvent votre r\u00e9gime d\u2019assurance maladie gouvernemental et votre r\u00e9gime collectif ne couvrent pas la totalit\u00e9 des d\u00e9penses d\u2019un accident? Quelques d\u00e9penses ne sont pas couvertes du tout \u2013 ceci peut inclure les frais d\u2019ambulance, les pl\u00e2tres, les b\u00e9quilles et les soins dentaires!<\/h4>\n<h4 class=\"text-blue\" style=\"text-align: center;\">Plut\u00f4t que de payer ces d\u00e9penses impr\u00e9vues de votre poche, laissez-nous nous en occuper.<\/h4>\n<p>[\/vc_column_text][\/vc_column_inner][vc_column_inner column_width_percent=&#8221;100&#8243; gutter_size=&#8221;3&#8243; overlay_alpha=&#8221;50&#8243; shift_x=&#8221;0&#8243; shift_y=&#8221;0&#8243; shift_y_down=&#8221;0&#8243; z_index=&#8221;0&#8243; medium_visibility=&#8221;yes&#8221; medium_width=&#8221;0&#8243; mobile_visibility=&#8221;yes&#8221; mobile_width=&#8221;0&#8243; width=&#8221;1\/6&#8243;][\/vc_column_inner][\/vc_row_inner][\/vc_tab][\/vc_tabs][\/vc_column][\/vc_row][vc_row row_height_percent=&#8221;0&#8243; override_padding=&#8221;yes&#8221; h_padding=&#8221;5&#8243; top_padding=&#8221;4&#8243; bottom_padding=&#8221;4&#8243; overlay_alpha=&#8221;50&#8243; gutter_size=&#8221;3&#8243; column_width_percent=&#8221;100&#8243; shift_y=&#8221;0&#8243; z_index=&#8221;0&#8243;][vc_column width=&#8221;1\/12&#8243;][\/vc_column][vc_column width=&#8221;10\/12&#8243;][vc_row_inner limit_content=&#8221;&#8221;][vc_column_inner width=&#8221;1\/2&#8243;][vc_custom_heading heading_semantic=&#8221;h3&#8243; text_size=&#8221;h3&#8243;]Les d\u00e9penses couvertes incluent:[\/vc_custom_heading][vc_column_text]<\/p>\n<ul>\n<li>Accidents dentaires<\/li>\n<li>Incapacit\u00e9 totale et permanente<\/li>\n<li>Fractures et dislocations<\/li>\n<li>Frais suppl\u00e9mentaires d\u2019ambulance<\/li>\n<li>Direction d\u2019\u00e9tudes<\/li>\n<li>Lunettes<\/li>\n<li>Et beaucoup plus encore!<\/li>\n<\/ul>\n<p>[\/vc_column_text][\/vc_column_inner][vc_column_inner width=&#8221;1\/2&#8243;][vc_custom_heading heading_semantic=&#8221;h3&#8243; text_size=&#8221;h3&#8243;]Conditions d\u2019admissibilit\u00e9[\/vc_custom_heading][vc_column_text]<strong>Afin d\u2019\u00eatre admissible \u00e0 souscrire l\u2019assurance, votre enfant doit:<\/strong><\/p>\n<ul class=\"style-letters\">\n<li>avoir plus de 6 mois; et<\/li>\n<li>avoir moins de 27 ans; et<\/li>\n<li>demeurer au Canada, sauf le Qu\u00e9bec.<\/li>\n<\/ul>\n<p>Si votre enfant est \u00e2g\u00e9 de 14 ans ou plus \u00e0 n\u2019importe quel moment pendant la P\u00e9riode de couverture, il doit \u00eatre \u00e9tudiant \u00e0 temps plein dans les 12 mois avant la r\u00e9clamation. \u00c9tudiant \u00e0 temps plein signifie inscrit \u00e0 un minimum de 3 cours simultan\u00e9s pendant toute p\u00e9riode de 4 mois.[\/vc_column_text][\/vc_column_inner][\/vc_row_inner][\/vc_column][vc_column width=&#8221;1\/12&#8243;][\/vc_column][\/vc_row][vc_row row_height_percent=&#8221;0&#8243; override_padding=&#8221;yes&#8221; h_padding=&#8221;2&#8243; top_padding=&#8221;3&#8243; bottom_padding=&#8221;5&#8243; overlay_alpha=&#8221;50&#8243; gutter_size=&#8221;3&#8243; column_width_percent=&#8221;100&#8243; shift_y=&#8221;0&#8243; z_index=&#8221;0&#8243;][vc_column width=&#8221;1\/1&#8243;][vc_row_inner limit_content=&#8221;&#8221;][vc_column_inner column_width_percent=&#8221;100&#8243; gutter_size=&#8221;3&#8243; overlay_alpha=&#8221;50&#8243; shift_x=&#8221;0&#8243; shift_y=&#8221;0&#8243; shift_y_down=&#8221;0&#8243; z_index=&#8221;0&#8243; medium_visibility=&#8221;yes&#8221; medium_width=&#8221;0&#8243; mobile_visibility=&#8221;yes&#8221; mobile_width=&#8221;0&#8243; width=&#8221;1\/6&#8243;][\/vc_column_inner][vc_column_inner column_width_percent=&#8221;100&#8243; align_horizontal=&#8221;align_center&#8221; gutter_size=&#8221;3&#8243; overlay_alpha=&#8221;50&#8243; shift_x=&#8221;0&#8243; shift_y=&#8221;0&#8243; shift_y_down=&#8221;0&#8243; z_index=&#8221;0&#8243; medium_width=&#8221;0&#8243; mobile_width=&#8221;0&#8243; width=&#8221;4\/6&#8243;][vc_custom_heading]La vraie diff\u00e9rence de l\u2019assurance\u00a0Accident \u00e9tudiant![\/vc_custom_heading][vc_button button_color=&#8221;color-198256&#8243; size=&#8221;btn-lg&#8221; border_width=&#8221;0&#8243; link=&#8221;url:%2Ffr%2Fa-propos-de-nous%2Fcomblez-les-lacunes%2F|title:Comblez%20les%20lacunes||&#8221;]En savoir plus[\/vc_button][\/vc_column_inner][vc_column_inner column_width_percent=&#8221;100&#8243; gutter_size=&#8221;3&#8243; overlay_alpha=&#8221;50&#8243; shift_x=&#8221;0&#8243; shift_y=&#8221;0&#8243; shift_y_down=&#8221;0&#8243; z_index=&#8221;0&#8243; medium_visibility=&#8221;yes&#8221; medium_width=&#8221;0&#8243; mobile_visibility=&#8221;yes&#8221; mobile_width=&#8221;0&#8243; width=&#8221;1\/6&#8243;][\/vc_column_inner][\/vc_row_inner][\/vc_column][\/vc_row]<\/p>\n<\/div>","protected":false},"excerpt":{"rendered":"<p>[vc_row][vc_column width=&#8221;1\/1&#8243;][uncode_block id=&#8221;36&#8243;][\/vc_column][\/vc_row][vc_row row_height_percent=&#8221;0&#8243; override_padding=&#8221;yes&#8221; h_padding=&#8221;5&#8243; top_padding=&#8221;5&#8243; bottom_padding=&#8221;3&#8243; overlay_alpha=&#8221;50&#8243; gutter_size=&#8221;3&#8243; column_width_percent=&#8221;100&#8243; shift_y=&#8221;0&#8243; z_index=&#8221;0&#8243;][vc_column column_width_percent=&#8221;100&#8243; align_horizontal=&#8221;align_center&#8221; gutter_size=&#8221;3&#8243; overlay_alpha=&#8221;50&#8243; shift_x=&#8221;0&#8243; shift_y=&#8221;0&#8243; shift_y_down=&#8221;0&#8243; [&hellip;]<\/p>\n","protected":false},"author":12,"featured_media":0,"parent":1145,"menu_order":0,"comment_status":"closed","ping_status":"closed","template":"","meta":{"inline_featured_image":false,"footnotes":""},"class_list":["post-1154","page","type-page","status-publish","hentry"],"_links":{"self":[{"href":"https:\/\/manitobastudentinsurance.ca\/fr\/wp-json\/wp\/v2\/pages\/1154","targetHints":{"allow":["GET"]}}],"collection":[{"href":"https:\/\/manitobastudentinsurance.ca\/fr\/wp-json\/wp\/v2\/pages"}],"about":[{"href":"https:\/\/manitobastudentinsurance.ca\/fr\/wp-json\/wp\/v2\/types\/page"}],"author":[{"embeddable":true,"href":"https:\/\/manitobastudentinsurance.ca\/fr\/wp-json\/wp\/v2\/users\/12"}],"replies":[{"embeddable":true,"href":"https:\/\/manitobastudentinsurance.ca\/fr\/wp-json\/wp\/v2\/comments?post=1154"}],"version-history":[{"count":0,"href":"https:\/\/manitobastudentinsurance.ca\/fr\/wp-json\/wp\/v2\/pages\/1154\/revisions"}],"up":[{"embeddable":true,"href":"https:\/\/manitobastudentinsurance.ca\/fr\/wp-json\/wp\/v2\/pages\/1145"}],"wp:attachment":[{"href":"https:\/\/manitobastudentinsurance.ca\/fr\/wp-json\/wp\/v2\/media?parent=1154"}],"curies":[{"name":"wp","href":"https:\/\/api.w.org\/{rel}","templated":true}]}}