{"id":1152,"date":"2019-07-28T12:32:41","date_gmt":"2019-07-28T16:32:41","guid":{"rendered":"https:\/\/manitobastudentinsurance.ca\/?page_id=1152"},"modified":"2022-08-01T01:39:48","modified_gmt":"2022-08-01T05:39:48","slug":"comparer-les-plans","status":"publish","type":"page","link":"https:\/\/manitobastudentinsurance.ca\/fr\/nos-plans\/comparer-les-plans\/","title":{"rendered":"Comparer les plans"},"content":{"rendered":"<div class=\"wpb-content-wrapper\"><p>[vc_row][vc_column width=&#8221;1\/1&#8243;][uncode_block id=&#8221;36&#8243;][\/vc_column][\/vc_row][vc_row row_height_percent=&#8221;0&#8243; override_padding=&#8221;yes&#8221; h_padding=&#8221;2&#8243; top_padding=&#8221;5&#8243; bottom_padding=&#8221;5&#8243; overlay_alpha=&#8221;50&#8243; gutter_size=&#8221;3&#8243; column_width_percent=&#8221;100&#8243; shift_y=&#8221;0&#8243; z_index=&#8221;0&#8243;][vc_column width=&#8221;1\/1&#8243;][vc_row_inner limit_content=&#8221;&#8221;][vc_column_inner column_width_percent=&#8221;100&#8243; align_horizontal=&#8221;align_center&#8221; gutter_size=&#8221;3&#8243; overlay_alpha=&#8221;50&#8243; shift_x=&#8221;0&#8243; shift_y=&#8221;0&#8243; shift_y_down=&#8221;0&#8243; z_index=&#8221;0&#8243; medium_width=&#8221;0&#8243; mobile_width=&#8221;0&#8243; width=&#8221;1\/1&#8243;][vc_custom_heading]Tableau des plans[\/vc_custom_heading][vc_empty_space empty_h=&#8221;2&#8243;][\/vc_column_inner][\/vc_row_inner][vc_row_inner limit_content=&#8221;&#8221;][vc_column_inner column_width_percent=&#8221;100&#8243; align_horizontal=&#8221;align_center&#8221; gutter_size=&#8221;3&#8243; overlay_alpha=&#8221;50&#8243; shift_x=&#8221;0&#8243; shift_y=&#8221;0&#8243; shift_y_down=&#8221;0&#8243; z_index=&#8221;0&#8243; medium_visibility=&#8221;yes&#8221; medium_width=&#8221;0&#8243; mobile_visibility=&#8221;yes&#8221; mobile_width=&#8221;0&#8243; width=&#8221;1\/12&#8243;][\/vc_column_inner][vc_column_inner column_width_percent=&#8221;100&#8243; gutter_size=&#8221;3&#8243; overlay_alpha=&#8221;50&#8243; shift_x=&#8221;0&#8243; shift_y=&#8221;0&#8243; shift_y_down=&#8221;0&#8243; z_index=&#8221;0&#8243; medium_width=&#8221;7&#8243; mobile_width=&#8221;0&#8243; width=&#8221;10\/12&#8243;][vc_raw_html]JTNDZGl2JTIwY2xhc3MlM0QlMjJ0YWJsZS13cmFwJTIyJTNFJTBBJTNDZGl2JTIwY2xhc3MlM0QlMjJ0YWJsZS1yZXNwb25zaXZlJTIwdGFibGUtYWNjZXNzaWJsZSUyMiUzRSUwQSUzQ3RhYmxlJTIwY2xhc3MlM0QlMjJpbWstcHJpY2luZy10YWJsZSUyMiUzRSUwQSUzQ3RoZWFkJTNFJTBBJTNDdHIlM0UlMEElM0N0ZCUyMCUyMGNsYXNzJTNEJTIyc3RpY2t5LWNvbHVtbiUyMHRleHQtbGVmdCUyMiUzRUQlQzMlQTl0YWlscyUyMGRlcyUyMHIlQzMlQTlnaW1lcyUzQyUyRnRkJTNFJTBBJTNDdGQlMjBjbGFzcyUzRCUyMnBsYW4tY29sJTIwcmVjb21tZW5kZWQlMjByZWNvbW1lbmRlZC1jZWxsJTIyJTNFJTNDc3BhbiUyMGNsYXNzJTNEJTIycmVjb21tZW5kZWQtd3JhcHBlciUyMiUzRSUzQ3NwYW4lMjBjbGFzcyUzRCUyMnRleHQtcmVjb21tZW5kZWQlMjIlM0VSJUMzJUE5Z2ltZSUyMHJlY29tbWFuZCVDMyVBOSUzQyUyRnNwYW4lM0UlM0NzcGFuJTIwY2xhc3MlM0QlMjJwcmljZS10aXRsZSUyMiUzRVIlQzMlQTlnaW1lJTIwUGxhdGluZSUzQyUyRnNwYW4lM0UlM0NzcGFuJTIwY2xhc3MlM0QlMjJwcmljZS1udW1iZXIlMjIlM0U0MiUyMCUyNCUzQ3NwYW4lM0UlMkZhbiUyQSUzQyUyRnNwYW4lM0UlM0MlMkZzcGFuJTNFJTNDJTJGc3BhbiUzRSUzQyUyRnRkJTNFJTBBJTNDdGQlMjBjbGFzcyUzRCUyMnBsYW4tY29sJTIyJTNFJTNDc3BhbiUyMGNsYXNzJTNEJTIycHJpY2UtdGl0bGUlMjIlM0VSJUMzJUE5Z2ltZSUyME9yJTNDJTJGc3BhbiUzRSUzQ3NwYW4lMjBjbGFzcyUzRCUyMnByaWNlLW51bWJlciUyMiUzRTMyJTIwJTI0JTNDc3BhbiUzRSUyRmFuJTJBJTNDJTJGc3BhbiUzRSUzQyUyRnNwYW4lM0UlM0MlMkZ0ZCUzRSUwQSUzQ3RkJTIwY2xhc3MlM0QlMjJwbGFuLWNvbCUyMiUzRSUzQ3NwYW4lMjBjbGFzcyUzRCUyMnByaWNlLXRpdGxlJTIyJTNFUiVDMyVBOWdpbWUlMjBBcmdlbnQlM0MlMkZzcGFuJTNFJTNDc3BhbiUyMGNsYXNzJTNEJTIycHJpY2UtbnVtYmVyJTIyJTNFMTclMjAlMjQlM0NzcGFuJTNFJTJGYW4lMkElM0MlMkZzcGFuJTNFJTNDJTJGc3BhbiUzRSUzQyUyRnRkJTNFJTBBJTNDJTJGdHIlM0UlMEElM0MlMkZ0aGVhZCUzRSUwQSUzQ3RyJTNFJTBBJTNDdGQlMjAlMjBjbGFzcyUzRCUyMnN0aWNreS1jb2x1bW4lMjIlM0VQcm90ZWN0aW9uJTIwMjQlMjBoZXVyZXMlMjBwYXIlMjBqb3VyJTIwcGVuZGFudCUyMHRvdXRlJTIwbCUyN2FubiVDMyVBOWUlM0MlMkZ0ZCUzRSUwQSUzQ3RkJTIwY2xhc3MlM0QlMjJyZWNvbW1lbmRlZC1jZWxsJTIyJTNFJTNDc3BhbiUyMGNsYXNzJTNEJTIyY2hlY2slMjIlM0UlM0MlMkZzcGFuJTNFJTNDJTJGdGQlM0UlMEElM0N0ZCUzRSUzQ3NwYW4lMjBjbGFzcyUzRCUyMmNoZWNrJTIyJTNFJTNDJTJGc3BhbiUzRSUzQyUyRnRkJTNFJTBBJTNDdGQlM0UlM0NzcGFuJTIwY2xhc3MlM0QlMjJjaGVjayUyMiUzRSUzQyUyRnNwYW4lM0UlM0MlMkZ0ZCUzRSUwQSUzQyUyRnRyJTNFJTBBJTNDdHIlM0UlMEElM0N0ZCUyMCUyMGNsYXNzJTNEJTIyc3RpY2t5LWNvbHVtbiUyMiUzRUZyYWlzJTIwZGVudGFpcmVzJTIwaWxsaW1pdCVDMyVBOXMlM0MlMkZ0ZCUzRSUwQSUzQ3RkJTIwY2xhc3MlM0QlMjJyZWNvbW1lbmRlZC1jZWxsJTIyJTNFMTAlMjBBbnMlM0MlMkZ0ZCUzRSUwQSUzQ3RkJTNFMTAlMjBBbnMlM0MlMkZ0ZCUzRSUwQSUzQ3RkJTNFMTAlMjBBbnMlM0MlMkZ0ZCUzRSUwQSUzQyUyRnRyJTNFJTBBJTNDdHIlM0UlMEElM0N0ZCUyMCUyMGNsYXNzJTNEJTIyc3RpY2t5LWNvbHVtbiUyMiUzRVBlcnRlJTIwZCVFMiU4MCU5OXVuJTIwbWVtYnJlJTJGcGVydGUlMjBkJTI3dXNhZ2UlM0MlMkZ0ZCUzRSUwQSUzQ3RkJTIwY2xhc3MlM0QlMjJyZWNvbW1lbmRlZC1jZWxsJTIyJTNFMTUwJTJDMDAwJTIwJTI0JTNDJTJGdGQlM0UlMEElM0N0ZCUzRTE1MCUyMDAwMCUyMCUyNCUzQyUyRnRkJTNFJTBBJTNDdGQlM0U3NSUyMDAwMCUyMCUyNCUzQyUyRnRkJTNFJTBBJTNDJTJGdHIlM0UlMEElM0N0ciUzRSUwQSUzQ3RkJTIwJTIwY2xhc3MlM0QlMjJzdGlja3ktY29sdW1uJTIyJTNFSW5jYXBhY2l0JUMzJUE5JTIwdG90YWxlJTIwZXQlMjBwZXJtYW5lbnRlJTNDJTJGdGQlM0UlMEElM0N0ZCUyMGNsYXNzJTNEJTIycmVjb21tZW5kZWQtY2VsbCUyMiUzRTM1MCUyMDAwMCUyMCUyNCUzQyUyRnRkJTNFJTBBJTNDdGQlM0UxNTAlMjAwMDAlMjAlMjQlM0MlMkZ0ZCUzRSUwQSUzQ3RkJTNFNzUlMjAwMDAlMjAlMjQlM0MlMkZ0ZCUzRSUwQSUzQyUyRnRyJTNFJTBBJTNDdHIlM0UlMEElM0N0ZCUyMCUyMGNsYXNzJTNEJTIyc3RpY2t5LWNvbHVtbiUyMiUzRUluZGVtbml0JUMzJUE5JTIwZGUlMjBkJUMzJUE5YyVDMyVBOHMlMjBhY2NpZGVudGVsJTNDJTJGdGQlM0UlMEElM0N0ZCUyMGNsYXNzJTNEJTIycmVjb21tZW5kZWQtY2VsbCUyMiUzRTMwJTIwMDAwJTIwJTI0JTNDJTJGdGQlM0UlMEElM0N0ZCUzRTIwJTIwMDAwJTIwJTI0JTNDJTJGdGQlM0UlMEElM0N0ZCUzRTE1JTIwMDAwJTIwJTI0JTNDJTJGdGQlM0UlMEElM0MlMkZ0ciUzRSUwQSUzQ3RyJTNFJTBBJTNDdGQlMjAlMjBjbGFzcyUzRCUyMnN0aWNreS1jb2x1bW4lMjIlM0VGcmFpcyUyMHBhciUyMGRlbnQlMjBhcHIlQzMlQThzJTIwMTAlMjBhbnMlMDklM0MlMkZ0ZCUzRSUwQSUzQ3RkJTIwY2xhc3MlM0QlMjJyZWNvbW1lbmRlZC1jZWxsJTIyJTNFMSUyMDY1MCUyMCUyNCUzQyUyRnRkJTNFJTBBJTNDdGQlM0UxJTIwNDAwJTIwJTI0JTNDJTJGdGQlM0UlMEElM0N0ZCUzRTElMjAyNTAlMjAlMjQlM0MlMkZ0ZCUzRSUwQSUzQyUyRnRyJTNFJTBBJTNDdHIlM0UlMEElM0N0ZCUyMCUyMGNsYXNzJTNEJTIyc3RpY2t5LWNvbHVtbiUyMiUzRUZyYWlzJTIwbSVDMyVBOWRpY2F1eCUyMGQlMjd1cmdlbmNlJTIwaG9ycyUyMHByb3ZpbmNlJTIwZXQlMjBhdXRyZXMlMjBpbmRlbW5pdCVDMyVBOXMlMjBkZSUyMHZveWFnZSUzQyUyRnRkJTNFJTBBJTNDdGQlMjBjbGFzcyUzRCUyMnJlY29tbWVuZGVkLWNlbGwlMjIlM0UyMDAlMjAwMDAlMjAlMjQlM0MlMkZ0ZCUzRSUwQSUzQ3RkJTNFcy5vLiUzQyUyRnRkJTNFJTBBJTNDdGQlM0VzLm8uJTNDJTJGdGQlM0UlMEElM0MlMkZ0ciUzRSUwQSUzQ3RyJTNFJTBBJTNDdGQlMjAlMjBjbGFzcyUzRCUyMnN0aWNreS1jb2x1bW4lMjIlM0VEb21tYWdlcyUyMGF1eCUyMGx1bmV0dGVzJTIwZXQlMjBsZW50aWxsZXMlMjBkZSUyMGNvbnRhY3QlM0MlMkZ0ZCUzRSUwQSUzQ3RkJTIwY2xhc3MlM0QlMjJyZWNvbW1lbmRlZC1jZWxsJTIyJTNFMzUwJTIwJTI0JTNDJTJGdGQlM0UlMEElM0N0ZCUzRTMwMCUyMCUyNCUzQyUyRnRkJTNFJTBBJTNDdGQlM0UzMDAlMjAlMjQlM0MlMkZ0ZCUzRSUwQSUzQyUyRnRyJTNFJTBBJTNDdHIlM0UlMEElM0N0ZCUyMCUyMGNsYXNzJTNEJTIyc3RpY2t5LWNvbHVtbiUyMiUzRUx1bmV0dGVzJTIwZXQlMjBsZW50aWxsZXMlMjBkZSUyMGNvbnRhY3QlMjBuJUMzJUE5Y2Vzc2l0JUMzJUE5cyUyMHBhciUyMHVuZSUyMGJsZXNzdXJlJTNDJTJGdGQlM0UlMEElM0N0ZCUyMGNsYXNzJTNEJTIycmVjb21tZW5kZWQtY2VsbCUyMiUzRUNvJUMzJUJCdCUyMGVudGllciUzQyUyRnRkJTNFJTBBJTNDdGQlM0VDbyVDMyVCQnQlMjBlbnRpZXIlM0MlMkZ0ZCUzRSUwQSUzQ3RkJTNFQ28lQzMlQkJ0JTIwZW50aWVyJTNDJTJGdGQlM0UlMEElM0MlMkZ0ciUzRSUwQSUzQ3RyJTNFJTBBJTNDdGQlMjAlMjBjbGFzcyUzRCUyMnN0aWNreS1jb2x1bW4lMjIlM0U2JTIwMDAwJTIwJTI0JTIwSW5kZW1uaXQlQzMlQTklMjBkZSUyMGRpcmVjdGlvbiUyMGQlMjclQzMlQTl0dWRlcyUzQyUyRnRkJTNFJTBBJTNDdGQlMjBjbGFzcyUzRCUyMnJlY29tbWVuZGVkLWNlbGwlMjIlM0UlM0NzcGFuJTIwY2xhc3MlM0QlMjJjaGVjayUyMiUzRSUzQyUyRnNwYW4lM0UlM0MlMkZ0ZCUzRSUwQSUzQ3RkJTNFJTNDc3BhbiUyMGNsYXNzJTNEJTIyY2hlY2slMjIlM0UlM0MlMkZzcGFuJTNFJTNDJTJGdGQlM0UlMEElM0N0ZCUzRSUzQ3NwYW4lMjBjbGFzcyUzRCUyMmNoZWNrJTIyJTNFJTNDJTJGc3BhbiUzRSUzQyUyRnRkJTNFJTBBJTNDJTJGdHIlM0UlMEElM0N0ciUzRSUwQSUzQ3RkJTIwJTIwY2xhc3MlM0QlMjJzdGlja3ktY29sdW1uJTIyJTNFRnJhaXMlMjBpbGxpbWl0JUMzJUE5cyUyMGQlMjdob3NwaXRhbGlzYXRpb24lMjBwcm9sb25nJUMzJUE5ZSUzQyUyRnRkJTNFJTBBJTNDdGQlMjBjbGFzcyUzRCUyMnJlY29tbWVuZGVkLWNlbGwlMjIlM0UlM0NzcGFuJTIwY2xhc3MlM0QlMjJjaGVjayUyMiUzRSUzQyUyRnNwYW4lM0UlM0MlMkZ0ZCUzRSUwQSUzQ3RkJTNFJTNDc3BhbiUyMGNsYXNzJTNEJTIyY2hlY2slMjIlM0UlM0MlMkZzcGFuJTNFJTNDJTJGdGQlM0UlMEElM0N0ZCUzRSUzQ3NwYW4lMjBjbGFzcyUzRCUyMmNoZWNrJTIyJTNFJTNDJTJGc3BhbiUzRSUzQyUyRnRkJTNFJTBBJTNDJTJGdHIlM0UlMEElM0N0ciUzRSUwQSUzQ3RkJTIwJTIwY2xhc3MlM0QlMjJzdGlja3ktY29sdW1uJTIyJTNFQXBwYXJlaWxzJTIwZm9uY3Rpb25uZWxzJTNDJTJGdGQlM0UlMEElM0N0ZCUyMGNsYXNzJTNEJTIycmVjb21tZW5kZWQtY2VsbCUyMiUzRTElMjA1MDAlMjAlMjQlM0MlMkZ0ZCUzRSUwQSUzQ3RkJTNFMSUyMDUwMCUyMCUyNCUzQyUyRnRkJTNFJTBBJTNDdGQlM0UxJTIwNTAwJTIwJTI0JTNDJTJGdGQlM0UlMEElM0MlMkZ0ciUzRSUwQSUzQ3RyJTNFJTBBJTNDdGQlMjAlMjBjbGFzcyUzRCUyMnN0aWNreS1jb2x1bW4lMjIlM0VTZXJ2aWNlcyUyMHBhcmFtJUMzJUE5ZGljYXV4JTNDJTJGdGQlM0UlMEElM0N0ZCUyMGNsYXNzJTNEJTIycmVjb21tZW5kZWQtY2VsbCUyMiUzRTgwMCUyMCUyNCUyMCUzQyUyRnRkJTNFJTBBJTNDdGQlM0U1MDAlMjAlMjQlM0MlMkZ0ZCUzRSUwQSUzQ3RkJTNFNTAwJTIwJTI0JTNDJTJGdGQlM0UlMEElM0MlMkZ0ciUzRSUwQSUzQ3RyJTNFJTBBJTNDdGQlMjAlMjBjbGFzcyUzRCUyMnN0aWNreS1jb2x1bW4lMjIlM0VJbmRlbW5pdCVDMyVBOSUyMGRlJTIwZnJhY3R1cmUlMkZkaXNsb2NhdGlvbiUzQyUyRnRkJTNFJTBBJTNDdGQlMjBjbGFzcyUzRCUyMnJlY29tbWVuZGVkLWNlbGwlMjIlM0UxJTIwMDAwJTIwJTI0JTNDJTJGdGQlM0UlMEElM0N0ZCUzRTc1MCUyMCUyNCUzQyUyRnRkJTNFJTBBJTNDdGQlM0U3NTAlMjAlMjQlM0MlMkZ0ZCUzRSUwQSUzQyUyRnRyJTNF[\/vc_raw_html][vc_raw_html]JTNDYSUyMGlkJTNEJTIyeWVhci1wbGFucy0zLTUlMjIlM0UlM0MlMkZhJTNF[\/vc_raw_html][vc_column_text]<\/p>\n<p style=\"text-align: center;\"><small>Ceci n\u2019est qu\u2019un bref r\u00e9sum\u00e9 de la couverture. Consultez la <a class=\"text-underline\" href=\"https:\/\/manitobastudentinsurance.ca\/fr\/nos-plans\/afficher-la-police\/\">police<\/a> pour les d\u00e9tails au complet.<\/small><\/p>\n<p>Pour plus de commodit\u00e9, nous offrons l\u2019option de renouvellement automatique.\u00a0 Pas besoin de souscrire chaque ann\u00e9e.\u00a0 Vous souscrivez une fois et s\u00e9lectionnez l\u2019option de renouvellement automatique. \u00c0 nous de faire le travail pour vous.\u00a0 <a href=\"#automatic-renewal-learn-more\"><em><u>En savoir +<\/u><\/em><\/a>[\/vc_column_text][\/vc_column_inner][vc_column_inner column_width_percent=&#8221;100&#8243; gutter_size=&#8221;3&#8243; overlay_alpha=&#8221;50&#8243; shift_x=&#8221;0&#8243; shift_y=&#8221;0&#8243; shift_y_down=&#8221;0&#8243; z_index=&#8221;0&#8243; medium_visibility=&#8221;yes&#8221; medium_width=&#8221;0&#8243; mobile_visibility=&#8221;yes&#8221; mobile_width=&#8221;0&#8243; width=&#8221;1\/12&#8243;][\/vc_column_inner][\/vc_row_inner][\/vc_column][\/vc_row][vc_row unlock_row=&#8221;&#8221; row_height_percent=&#8221;0&#8243; overlay_alpha=&#8221;50&#8243; gutter_size=&#8221;3&#8243; column_width_percent=&#8221;100&#8243; border_color=&#8221;color-198256&#8243; border_style=&#8221;solid&#8221; shift_y=&#8221;0&#8243; z_index=&#8221;0&#8243; row_custom_slug_check=&#8221;yes&#8221; css=&#8221;.vc_custom_1564153955214{border-top-width: 1px !important;border-right-width: 1px !important;border-bottom-width: 1px !important;border-left-width: 1px !important;}&#8221; el_class=&#8221;border-rounded boxed&#8221; row_custom_slug=&#8221;3-5-year-plans&#8221; row_name=&#8221;3-5-year-plans&#8221;][vc_column width=&#8221;1\/2&#8243;][vc_custom_heading heading_semantic=&#8221;h3&#8243; text_size=&#8221;h3&#8243; text_weight=&#8221;500&#8243;]Plans de 3 ans et 5 ans[\/vc_custom_heading][vc_column_text css=&#8221;.vc_custom_1595605623938{margin-top: 18px !important;}&#8221;]<\/p>\n<h5 class=\"h6 text-normal\">Souscrire en ligne<\/h5>\n<p><!--<\/p>\n\n\n\n\n<p><a class=\"text-underline\" href=\"#email-reminder\"><strong>Rappel automatique par courriel<\/strong><\/a> lorsque ces plans sont disponibles.<\/p>\n\n\n\n\n<p>-->[\/vc_column_text][\/vc_column][vc_column width=&#8221;1\/2&#8243;][vc_row_inner limit_content=&#8221;&#8221;][vc_column_inner width=&#8221;1\/2&#8243;][vc_custom_heading heading_semantic=&#8221;h4&#8243; text_size=&#8221;h5&#8243;]\u00c9conomiser sur la prime[\/vc_custom_heading][vc_column_text css=&#8221;.vc_custom_1564346208778{margin-top: 18px !important;}&#8221;]Achetez au taux actuel pour vous prot\u00e9ger contre les augmentations futures.[\/vc_column_text][\/vc_column_inner][vc_column_inner width=&#8221;1\/2&#8243;][vc_custom_heading heading_semantic=&#8221;h4&#8243; text_size=&#8221;h5&#8243;]\u00c9conomiser du temps[\/vc_custom_heading][vc_column_text css=&#8221;.vc_custom_1564346229002{margin-top: 18px !important;}&#8221;]Un seul achat vous donne plusieurs ann\u00e9es de couverture![\/vc_column_text][\/vc_column_inner][\/vc_row_inner][\/vc_column][\/vc_row][vc_row row_height_percent=&#8221;0&#8243; override_padding=&#8221;yes&#8221; h_padding=&#8221;2&#8243; top_padding=&#8221;0&#8243; bottom_padding=&#8221;0&#8243; overlay_alpha=&#8221;50&#8243; gutter_size=&#8221;3&#8243; column_width_percent=&#8221;100&#8243; shift_y=&#8221;0&#8243; z_index=&#8221;0&#8243;][vc_column width=&#8221;1\/1&#8243;][vc_empty_space empty_h=&#8221;3&#8243;][\/vc_column][\/vc_row][vc_row unlock_row=&#8221;&#8221; row_height_percent=&#8221;0&#8243; overlay_alpha=&#8221;50&#8243; gutter_size=&#8221;3&#8243; column_width_percent=&#8221;100&#8243; border_color=&#8221;color-198256&#8243; border_style=&#8221;solid&#8221; shift_y=&#8221;0&#8243; z_index=&#8221;0&#8243; css=&#8221;.vc_custom_1564089554333{border-top-width: 1px !important;border-right-width: 1px !important;border-bottom-width: 1px !important;border-left-width: 1px !important;}&#8221; el_class=&#8221;border-rounded boxed&#8221;][vc_column width=&#8221;1\/2&#8243;][vc_custom_heading heading_semantic=&#8221;h3&#8243; text_size=&#8221;h3&#8243; text_weight=&#8221;500&#8243;]Des \u00e9conomies en gros pour les familles nombreuses![\/vc_custom_heading][vc_column_text css=&#8221;.vc_custom_1564346255820{margin-top: 18px !important;}&#8221;]<\/p>\n<h5 class=\"h6 text-normal\">Assurez-vous 3 enfants ou plus? Profitez de l\u2019escompte!<\/h5>\n<p>[\/vc_column_text][\/vc_column][vc_column column_width_percent=&#8221;100&#8243; position_vertical=&#8221;bottom&#8221; gutter_size=&#8221;3&#8243; overlay_alpha=&#8221;50&#8243; shift_x=&#8221;0&#8243; shift_y=&#8221;0&#8243; shift_y_down=&#8221;0&#8243; z_index=&#8221;0&#8243; medium_width=&#8221;0&#8243; mobile_width=&#8221;0&#8243; width=&#8221;1\/2&#8243;][vc_column_text css=&#8221;.vc_custom_1564364399582{margin-top: 18px !important;}&#8221;]<\/p>\n<h4 class=\"h5 text-light\"><a class=\"text-underline\" href=\"#get-a-quote\"><strong>Obtenez une soumission<\/strong><\/a> ou d\u2019autres d\u00e9tails.<\/h4>\n<p>[\/vc_column_text][\/vc_column][\/vc_row][vc_row row_height_percent=&#8221;0&#8243; override_padding=&#8221;yes&#8221; h_padding=&#8221;2&#8243; top_padding=&#8221;0&#8243; bottom_padding=&#8221;0&#8243; overlay_alpha=&#8221;50&#8243; gutter_size=&#8221;3&#8243; column_width_percent=&#8221;100&#8243; shift_y=&#8221;0&#8243; z_index=&#8221;0&#8243;][vc_column width=&#8221;1\/1&#8243;][vc_empty_space empty_h=&#8221;2&#8243;][\/vc_column][\/vc_row][vc_row unlock_row=&#8221;&#8221; row_height_percent=&#8221;0&#8243; overlay_alpha=&#8221;50&#8243; gutter_size=&#8221;3&#8243; column_width_percent=&#8221;100&#8243; border_color=&#8221;color-198256&#8243; border_style=&#8221;solid&#8221; shift_y=&#8221;0&#8243; z_index=&#8221;0&#8243; css=&#8221;.vc_custom_1564089554333{border-top-width: 1px !important;border-right-width: 1px !important;border-bottom-width: 1px !important;border-left-width: 1px !important;}&#8221; el_class=&#8221;border-rounded boxed&#8221;][vc_column width=&#8221;1\/2&#8243;][vc_custom_heading heading_semantic=&#8221;h3&#8243; text_size=&#8221;h3&#8243; text_weight=&#8221;500&#8243;]L\u2019option de renouvellement automatique[\/vc_custom_heading][\/vc_column][vc_column column_width_percent=&#8221;100&#8243; position_vertical=&#8221;bottom&#8221; gutter_size=&#8221;3&#8243; overlay_alpha=&#8221;50&#8243; shift_x=&#8221;0&#8243; shift_y=&#8221;0&#8243; shift_y_down=&#8221;0&#8243; z_index=&#8221;0&#8243; medium_width=&#8221;0&#8243; mobile_width=&#8221;0&#8243; width=&#8221;1\/2&#8243;][vc_custom_heading text_size=&#8221;h5&#8243;]<strong>G\u00e9nial et efficace \u2013 vous n\u2019avez qu\u2019\u00e0<\/strong><\/p>\n<p><strong>souscrire une fois!<\/strong>[\/vc_custom_heading][vc_column_text css=&#8221;.vc_custom_1626323930706{margin-top: 18px !important;}&#8221;]Vous souscrivez une seule fois et chaque ann\u00e9e les frais seront factur\u00e9s \u00e0 votre carte de cr\u00e9dit et une police sera \u00e9mise[\/vc_column_text][\/vc_column][\/vc_row][vc_row row_height_percent=&#8221;0&#8243; override_padding=&#8221;yes&#8221; h_padding=&#8221;2&#8243; top_padding=&#8221;0&#8243; bottom_padding=&#8221;0&#8243; overlay_alpha=&#8221;50&#8243; gutter_size=&#8221;3&#8243; column_width_percent=&#8221;100&#8243; shift_y=&#8221;0&#8243; z_index=&#8221;0&#8243;][vc_column width=&#8221;1\/1&#8243;][vc_empty_space empty_h=&#8221;2&#8243;][\/vc_column][\/vc_row][vc_row][vc_column width=&#8221;1\/1&#8243;][uncode_block id=&#8221;516&#8243;][\/vc_column][\/vc_row][vc_row][vc_column width=&#8221;1\/1&#8243;][vc_raw_js]JTNDc2NyaXB0JTIwdHlwZSUzRCUyMnRleHQlMkZqYXZhc2NyaXB0JTIyJTNFJTBBJTJGJTJBJTIwU2Nyb2xsJTIwdG8lMjBhbmNob3IlMjAlMkElMkYlMEFmdW5jdGlvbiUyMHBnc2hvdyUyOGUlMjklN0IlMEElMjAlMjAlMjAlMjB2YXIlMjBlbElkJTIwJTNEJTIwd2luZG93LmxvY2F0aW9uLmhhc2glM0IlMEElMjAlMjAlMjAlMjBpZiUyMCUyOGVsSWQubGVuZ3RoJTIwJTNFJTIwMSUyOSU3QiUwQSUyMCUyMCUyMCUyMCUyMCUyMCUyMCUyMGVsJTIwJTNEJTIwZG9jdW1lbnQuZ2V0RWxlbWVudEJ5SWQlMjhlbElkLnN1YnN0ciUyODElMjklMjklM0IlMEElMjAlMjAlMjAlMjAlMjAlMjAlMjAlMjBpZiUyMCUyOGVsJTI5JTIwZWwuc2Nyb2xsSW50b1ZpZXclMjh0cnVlJTI5JTNCJTBBJTIwJTIwJTIwJTIwJTdEJTBBJTdEJTBBJTJGJTJGJTIwcGFnZXNob3clMjBmaXJlcyUyMGFmdGVyJTIwbG9hZCUyMGFuZCUyMG9uJTIwQmFjayUyRkZvcndhcmQlMEF3aW5kb3cuYWRkRXZlbnRMaXN0ZW5lciUyOCUyN3BhZ2VzaG93JTI3JTJDJTIwcGdzaG93JTI5JTNCJTBBJTNDJTJGc2NyaXB0JTNF[\/vc_raw_js][\/vc_column][\/vc_row]<\/p>\n<\/div>","protected":false},"excerpt":{"rendered":"<p>[vc_row][vc_column width=&#8221;1\/1&#8243;][uncode_block id=&#8221;36&#8243;][\/vc_column][\/vc_row][vc_row row_height_percent=&#8221;0&#8243; override_padding=&#8221;yes&#8221; h_padding=&#8221;2&#8243; top_padding=&#8221;5&#8243; bottom_padding=&#8221;5&#8243; overlay_alpha=&#8221;50&#8243; gutter_size=&#8221;3&#8243; column_width_percent=&#8221;100&#8243; shift_y=&#8221;0&#8243; z_index=&#8221;0&#8243;][vc_column width=&#8221;1\/1&#8243;][vc_row_inner limit_content=&#8221;&#8221;][vc_column_inner column_width_percent=&#8221;100&#8243; align_horizontal=&#8221;align_center&#8221; gutter_size=&#8221;3&#8243; overlay_alpha=&#8221;50&#8243; shift_x=&#8221;0&#8243; [&hellip;]<\/p>\n","protected":false},"author":12,"featured_media":0,"parent":1137,"menu_order":0,"comment_status":"closed","ping_status":"closed","template":"","meta":{"inline_featured_image":false,"footnotes":""},"class_list":["post-1152","page","type-page","status-publish","hentry"],"_links":{"self":[{"href":"https:\/\/manitobastudentinsurance.ca\/fr\/wp-json\/wp\/v2\/pages\/1152","targetHints":{"allow":["GET"]}}],"collection":[{"href":"https:\/\/manitobastudentinsurance.ca\/fr\/wp-json\/wp\/v2\/pages"}],"about":[{"href":"https:\/\/manitobastudentinsurance.ca\/fr\/wp-json\/wp\/v2\/types\/page"}],"author":[{"embeddable":true,"href":"https:\/\/manitobastudentinsurance.ca\/fr\/wp-json\/wp\/v2\/users\/12"}],"replies":[{"embeddable":true,"href":"https:\/\/manitobastudentinsurance.ca\/fr\/wp-json\/wp\/v2\/comments?post=1152"}],"version-history":[{"count":0,"href":"https:\/\/manitobastudentinsurance.ca\/fr\/wp-json\/wp\/v2\/pages\/1152\/revisions"}],"up":[{"embeddable":true,"href":"https:\/\/manitobastudentinsurance.ca\/fr\/wp-json\/wp\/v2\/pages\/1137"}],"wp:attachment":[{"href":"https:\/\/manitobastudentinsurance.ca\/fr\/wp-json\/wp\/v2\/media?parent=1152"}],"curies":[{"name":"wp","href":"https:\/\/api.w.org\/{rel}","templated":true}]}}