{"id":1145,"date":"2019-07-28T12:19:14","date_gmt":"2019-07-28T16:19:14","guid":{"rendered":"https:\/\/manitobastudentinsurance.ca\/?page_id=1145"},"modified":"2020-07-29T10:18:24","modified_gmt":"2020-07-29T14:18:24","slug":"a-propos-de-nous","status":"publish","type":"page","link":"https:\/\/manitobastudentinsurance.ca\/fr\/a-propos-de-nous\/","title":{"rendered":"\u00c0 propos de nous"},"content":{"rendered":"<div class=\"wpb-content-wrapper\"><p>[vc_row][vc_column width=&#8221;1\/1&#8243;][uncode_block id=&#8221;36&#8243;][\/vc_column][\/vc_row][vc_row row_height_percent=&#8221;0&#8243; override_padding=&#8221;yes&#8221; h_padding=&#8221;2&#8243; top_padding=&#8221;6&#8243; bottom_padding=&#8221;4&#8243; overlay_alpha=&#8221;50&#8243; gutter_size=&#8221;3&#8243; column_width_percent=&#8221;100&#8243; shift_y=&#8221;0&#8243; z_index=&#8221;0&#8243;][vc_column column_width_percent=&#8221;100&#8243; gutter_size=&#8221;3&#8243; overlay_alpha=&#8221;50&#8243; shift_x=&#8221;0&#8243; shift_y=&#8221;0&#8243; shift_y_down=&#8221;0&#8243; z_index=&#8221;0&#8243; medium_width=&#8221;0&#8243; mobile_width=&#8221;0&#8243; width=&#8221;1\/2&#8243; el_class=&#8221;z-index-up&#8221;][vc_custom_heading]\u00c0 propos de l\u2019assurance Accident \u00e9tudiant[\/vc_custom_heading][vc_column_text text_lead=&#8221;yes&#8221;]L\u2019assurance Accident \u00e9tudiant, souscrite par Old Republic, Compagnie d\u2019assurance du Canada, est con\u00e7ue afin d\u2019aider \u00e0 fournir aux parents\/tuteurs une tranquillit\u00e9 d\u2019esprit contre les d\u00e9penses qui peuvent r\u00e9sulter si leur enfant subit un accident.[\/vc_column_text][\/vc_column][vc_column column_width_percent=&#8221;100&#8243; gutter_size=&#8221;3&#8243; overlay_alpha=&#8221;50&#8243; shift_x=&#8221;0&#8243; shift_y=&#8221;0&#8243; shift_y_down=&#8221;0&#8243; z_index=&#8221;0&#8243; medium_width=&#8221;0&#8243; mobile_visibility=&#8221;yes&#8221; mobile_width=&#8221;0&#8243; width=&#8221;1\/2&#8243;][vc_column_text css_animation=&#8221;alpha-anim&#8221;]<\/p>\n<div class=\"img-offcanvas img-offcanvas-right paroller\"><img decoding=\"async\" class=\"alignnone size-full wp-image-484\" src=\"https:\/\/manitobastudentinsurance.ca\/wp-content\/uploads\/2019\/07\/football-1.jpg\" alt=\"\" width=\"1000\" height=\"764\" srcset=\"https:\/\/manitobastudentinsurance.ca\/wp-content\/uploads\/2019\/07\/football-1.jpg 1000w, https:\/\/manitobastudentinsurance.ca\/wp-content\/uploads\/2019\/07\/football-1-300x229.jpg 300w, https:\/\/manitobastudentinsurance.ca\/wp-content\/uploads\/2019\/07\/football-1-768x587.jpg 768w\" sizes=\"(max-width: 1000px) 100vw, 1000px\" \/><\/div>\n<p>[\/vc_column_text][\/vc_column][\/vc_row][vc_row row_height_percent=&#8221;0&#8243; override_padding=&#8221;yes&#8221; h_padding=&#8221;2&#8243; top_padding=&#8221;6&#8243; bottom_padding=&#8221;4&#8243; overlay_alpha=&#8221;50&#8243; gutter_size=&#8221;3&#8243; column_width_percent=&#8221;100&#8243; shift_y=&#8221;0&#8243; z_index=&#8221;0&#8243;][vc_column column_width_percent=&#8221;100&#8243; gutter_size=&#8221;3&#8243; overlay_alpha=&#8221;50&#8243; shift_x=&#8221;0&#8243; shift_y=&#8221;0&#8243; shift_y_down=&#8221;0&#8243; z_index=&#8221;0&#8243; medium_width=&#8221;0&#8243; mobile_visibility=&#8221;yes&#8221; mobile_width=&#8221;0&#8243; width=&#8221;1\/2&#8243;][vc_column_text css_animation=&#8221;alpha-anim&#8221;]<\/p>\n<div class=\"img-offcanvas img-offcanvas-left paroller\"><img decoding=\"async\" class=\"alignnone size-full wp-image-479\" src=\"https:\/\/manitobastudentinsurance.ca\/wp-content\/uploads\/2019\/07\/calculator.jpg\" alt=\"\" width=\"1280\" height=\"1140\" srcset=\"https:\/\/manitobastudentinsurance.ca\/wp-content\/uploads\/2019\/07\/calculator.jpg 1280w, https:\/\/manitobastudentinsurance.ca\/wp-content\/uploads\/2019\/07\/calculator-300x267.jpg 300w, https:\/\/manitobastudentinsurance.ca\/wp-content\/uploads\/2019\/07\/calculator-768x684.jpg 768w, https:\/\/manitobastudentinsurance.ca\/wp-content\/uploads\/2019\/07\/calculator-1024x912.jpg 1024w\" sizes=\"(max-width: 1280px) 100vw, 1280px\" \/><\/div>\n<p>[\/vc_column_text][\/vc_column][vc_column column_width_percent=&#8221;100&#8243; gutter_size=&#8221;3&#8243; overlay_alpha=&#8221;50&#8243; shift_x=&#8221;0&#8243; shift_y=&#8221;0&#8243; shift_y_down=&#8221;0&#8243; z_index=&#8221;0&#8243; medium_width=&#8221;0&#8243; mobile_width=&#8221;0&#8243; width=&#8221;1\/2&#8243; el_class=&#8221;z-index-up&#8221;][vc_column_text text_lead=&#8221;yes&#8221;]Pendant plus de 50 ans nous offrons des solutions d\u2019assurance accident \u00e9tudiant \u00e0 des milliers de familles canadiennes. Notre programme est fond\u00e9 sur les valeurs de produits de qualit\u00e9 et d\u2019excellent service \u00e0 la client\u00e8le. Motiv\u00e9s par ces valeurs, notre \u00e9quipe de professionnels en assurance d\u00e9di\u00e9s \u0153uvre sans cesse \u00e0 parfaire les produits et services que nous offrons. Notre mission consiste non seulement \u00e0 satisfaire vos besoins financiers potentiels, mais \u00e0 d\u00e9passer vos attentes de ce qu\u2019un plan d\u2019assurance accident \u00e9tudiant peut faire pour prot\u00e9ger votre famille contre les accidents.[\/vc_column_text][\/vc_column][\/vc_row][vc_row row_height_percent=&#8221;0&#8243; override_padding=&#8221;yes&#8221; h_padding=&#8221;2&#8243; top_padding=&#8221;6&#8243; bottom_padding=&#8221;6&#8243; overlay_alpha=&#8221;50&#8243; gutter_size=&#8221;3&#8243; column_width_percent=&#8221;100&#8243; shift_y=&#8221;0&#8243; z_index=&#8221;0&#8243;][vc_column column_width_percent=&#8221;100&#8243; gutter_size=&#8221;3&#8243; overlay_alpha=&#8221;50&#8243; shift_x=&#8221;0&#8243; shift_y=&#8221;0&#8243; shift_y_down=&#8221;0&#8243; z_index=&#8221;0&#8243; medium_width=&#8221;0&#8243; mobile_width=&#8221;0&#8243; width=&#8221;1\/2&#8243; el_class=&#8221;z-index-up&#8221;][vc_custom_heading]La vraie diff\u00e9rence de l\u2019assurance Accident \u00e9tudiant![\/vc_custom_heading][vc_button button_color=&#8221;color-198256&#8243; size=&#8221;btn-lg&#8221; border_width=&#8221;0&#8243; link=&#8221;url:%2Ffr%2Fa-propos-de-nous%2Fcomblez-les-lacunes%2F|title:Comblez%20les%20lacunes||&#8221;]En savoir plus[\/vc_button][\/vc_column][vc_column column_width_percent=&#8221;100&#8243; gutter_size=&#8221;3&#8243; overlay_alpha=&#8221;50&#8243; shift_x=&#8221;0&#8243; shift_y=&#8221;0&#8243; shift_y_down=&#8221;0&#8243; z_index=&#8221;0&#8243; medium_width=&#8221;0&#8243; mobile_visibility=&#8221;yes&#8221; mobile_width=&#8221;0&#8243; width=&#8221;1\/2&#8243;][vc_column_text css_animation=&#8221;alpha-anim&#8221;]<\/p>\n<div class=\"img-offcanvas img-offcanvas-right img-last-pencil paroller\"><img decoding=\"async\" class=\"alignnone size-full wp-image-503\" src=\"https:\/\/manitobastudentinsurance.ca\/wp-content\/uploads\/2019\/07\/pencils.jpg\" alt=\"\" width=\"1000\" height=\"637\" srcset=\"https:\/\/manitobastudentinsurance.ca\/wp-content\/uploads\/2019\/07\/pencils.jpg 1000w, https:\/\/manitobastudentinsurance.ca\/wp-content\/uploads\/2019\/07\/pencils-300x191.jpg 300w, https:\/\/manitobastudentinsurance.ca\/wp-content\/uploads\/2019\/07\/pencils-768x489.jpg 768w\" sizes=\"(max-width: 1000px) 100vw, 1000px\" \/><\/div>\n<p>[\/vc_column_text][\/vc_column][\/vc_row][vc_row row_height_percent=&#8221;0&#8243; override_padding=&#8221;yes&#8221; h_padding=&#8221;2&#8243; top_padding=&#8221;5&#8243; bottom_padding=&#8221;5&#8243; back_color=&#8221;accent&#8221; overlay_alpha=&#8221;50&#8243; gutter_size=&#8221;3&#8243; column_width_percent=&#8221;100&#8243; shift_y=&#8221;0&#8243; z_index=&#8221;0&#8243;][vc_column column_width_percent=&#8221;100&#8243; gutter_size=&#8221;3&#8243; style=&#8221;dark&#8221; overlay_alpha=&#8221;50&#8243; shift_x=&#8221;0&#8243; shift_y=&#8221;0&#8243; shift_y_down=&#8221;0&#8243; z_index=&#8221;0&#8243; medium_width=&#8221;0&#8243; mobile_width=&#8221;0&#8243; width=&#8221;1\/1&#8243;][vc_row_inner][vc_column_inner column_width_percent=&#8221;100&#8243; gutter_size=&#8221;3&#8243; style=&#8221;dark&#8221; overlay_alpha=&#8221;50&#8243; shift_x=&#8221;0&#8243; shift_y=&#8221;0&#8243; shift_y_down=&#8221;0&#8243; z_index=&#8221;0&#8243; medium_width=&#8221;0&#8243; mobile_width=&#8221;0&#8243; width=&#8221;1\/2&#8243;][vc_custom_heading heading_semantic=&#8221;h3&#8243; text_size=&#8221;h3&#8243;]\u00c0 propos de Old Republic, Compagnie d\u2019assurance du Canada[\/vc_custom_heading][\/vc_column_inner][vc_column_inner column_width_percent=&#8221;100&#8243; gutter_size=&#8221;3&#8243; style=&#8221;dark&#8221; overlay_alpha=&#8221;50&#8243; shift_x=&#8221;0&#8243; shift_y=&#8221;0&#8243; shift_y_down=&#8221;0&#8243; z_index=&#8221;0&#8243; medium_width=&#8221;0&#8243; mobile_width=&#8221;0&#8243; width=&#8221;1\/2&#8243;][\/vc_column_inner][\/vc_row_inner][vc_row_inner row_inner_height_percent=&#8221;0&#8243; overlay_alpha=&#8221;50&#8243; gutter_size=&#8221;4&#8243; shift_y=&#8221;0&#8243; z_index=&#8221;0&#8243;][vc_column_inner column_width_percent=&#8221;100&#8243; gutter_size=&#8221;3&#8243; style=&#8221;dark&#8221; overlay_alpha=&#8221;50&#8243; shift_x=&#8221;0&#8243; shift_y=&#8221;0&#8243; shift_y_down=&#8221;0&#8243; z_index=&#8221;0&#8243; medium_width=&#8221;0&#8243; mobile_width=&#8221;0&#8243; width=&#8221;1\/2&#8243;][vc_column_text text_lead=&#8221;yes&#8221; el_class=&#8221;text-lead-20&#8243;]Old Republic, Compagnie d\u2019assurance du Canada (\u201cOld Republic Canada\u201d) est fi\u00e8re d&#8217;\u00eatre compt\u00e9e parmi les organisations canadiennes d\u2019assurance de longue date.<\/p>\n<p>&#8220;Nos titulaires de police nous connaissent par la fa\u00e7on dont nous traitons et communiquons notre service de r\u00e9clamations. C\u2019est le service et le professionnalisme qui nous distinguent de la concurrence.&#8221;[\/vc_column_text][\/vc_column_inner][vc_column_inner column_width_percent=&#8221;100&#8243; gutter_size=&#8221;3&#8243; style=&#8221;dark&#8221; overlay_alpha=&#8221;50&#8243; shift_x=&#8221;0&#8243; shift_y=&#8221;0&#8243; shift_y_down=&#8221;0&#8243; z_index=&#8221;0&#8243; medium_width=&#8221;0&#8243; mobile_width=&#8221;0&#8243; width=&#8221;1\/2&#8243;][vc_column_text]<a class=\"text-underline\" href=\"http:\/\/www.orican.com\" target=\"_blank\" rel=\"noopener noreferrer\">Old Republic Canada<\/a> est autoris\u00e9 sur le plan f\u00e9d\u00e9ral comme assureur canadien de biens et risques divers.\u00a0 Son si\u00e8ge social est \u00e0 Hamilton en Ontario.<\/p>\n<p>La compagnie s\u2019occupe d\u2019\u00eatre leader de l\u2019industrie dans la manufacture et administration de produits de marque priv\u00e9e faits sur mesure pour les distributeurs de l\u2019assurance accident \u00e9tudiant, l\u2019assurance voyage et la s\u00e9lection des risques de l\u2019assurance de transport routier sur longue distance.<\/p>\n<p>Sa force d\u00e9rive de la haute qualit\u00e9 de ses produits, de son service \u00e0 la client\u00e8le et de sa capacit\u00e9 d\u2019int\u00e9grer en un les services d\u2019administration et r\u00e9clamations; \u00e9volu\u00e9e depuis des dizaines d\u2019ann\u00e9es d\u2019appui aux Canadiens et Canadiennes.[\/vc_column_text][\/vc_column_inner][\/vc_row_inner][\/vc_column][\/vc_row][vc_row][vc_column width=&#8221;1\/1&#8243;][uncode_block id=&#8221;516&#8243;][\/vc_column][\/vc_row]<\/p>\n<\/div>","protected":false},"excerpt":{"rendered":"<p>[vc_row][vc_column width=&#8221;1\/1&#8243;][uncode_block id=&#8221;36&#8243;][\/vc_column][\/vc_row][vc_row row_height_percent=&#8221;0&#8243; override_padding=&#8221;yes&#8221; h_padding=&#8221;2&#8243; top_padding=&#8221;6&#8243; bottom_padding=&#8221;4&#8243; overlay_alpha=&#8221;50&#8243; gutter_size=&#8221;3&#8243; column_width_percent=&#8221;100&#8243; shift_y=&#8221;0&#8243; z_index=&#8221;0&#8243;][vc_column column_width_percent=&#8221;100&#8243; gutter_size=&#8221;3&#8243; overlay_alpha=&#8221;50&#8243; shift_x=&#8221;0&#8243; shift_y=&#8221;0&#8243; shift_y_down=&#8221;0&#8243; z_index=&#8221;0&#8243; [&hellip;]<\/p>\n","protected":false},"author":12,"featured_media":0,"parent":0,"menu_order":0,"comment_status":"closed","ping_status":"closed","template":"","meta":{"inline_featured_image":false,"footnotes":""},"class_list":["post-1145","page","type-page","status-publish","hentry"],"_links":{"self":[{"href":"https:\/\/manitobastudentinsurance.ca\/fr\/wp-json\/wp\/v2\/pages\/1145","targetHints":{"allow":["GET"]}}],"collection":[{"href":"https:\/\/manitobastudentinsurance.ca\/fr\/wp-json\/wp\/v2\/pages"}],"about":[{"href":"https:\/\/manitobastudentinsurance.ca\/fr\/wp-json\/wp\/v2\/types\/page"}],"author":[{"embeddable":true,"href":"https:\/\/manitobastudentinsurance.ca\/fr\/wp-json\/wp\/v2\/users\/12"}],"replies":[{"embeddable":true,"href":"https:\/\/manitobastudentinsurance.ca\/fr\/wp-json\/wp\/v2\/comments?post=1145"}],"version-history":[{"count":0,"href":"https:\/\/manitobastudentinsurance.ca\/fr\/wp-json\/wp\/v2\/pages\/1145\/revisions"}],"wp:attachment":[{"href":"https:\/\/manitobastudentinsurance.ca\/fr\/wp-json\/wp\/v2\/media?parent=1145"}],"curies":[{"name":"wp","href":"https:\/\/api.w.org\/{rel}","templated":true}]}}