{"id":1137,"date":"2019-07-28T11:57:42","date_gmt":"2019-07-28T15:57:42","guid":{"rendered":"https:\/\/manitobastudentinsurance.ca\/?page_id=1137"},"modified":"2021-07-14T23:59:51","modified_gmt":"2021-07-15T03:59:51","slug":"nos-plans","status":"publish","type":"page","link":"https:\/\/manitobastudentinsurance.ca\/fr\/nos-plans\/","title":{"rendered":"Nos plans"},"content":{"rendered":"<div class=\"wpb-content-wrapper\"><p>[vc_row][vc_column width=&#8221;1\/1&#8243;][uncode_block id=&#8221;36&#8243;][\/vc_column][\/vc_row][vc_row row_height_percent=&#8221;0&#8243; back_image=&#8221;794&#8243; back_repeat=&#8221;no-repeat&#8221; back_position=&#8221;center center&#8221; parallax=&#8221;yes&#8221; overlay_alpha=&#8221;50&#8243; gutter_size=&#8221;3&#8243; column_width_percent=&#8221;100&#8243; shift_y=&#8221;0&#8243; z_index=&#8221;0&#8243; row_height_pixel=&#8221;350&#8243;][vc_column width=&#8221;1\/1&#8243;][\/vc_column][\/vc_row][vc_row row_height_percent=&#8221;0&#8243; override_padding=&#8221;yes&#8221; h_padding=&#8221;2&#8243; top_padding=&#8221;5&#8243; bottom_padding=&#8221;5&#8243; overlay_alpha=&#8221;50&#8243; gutter_size=&#8221;3&#8243; column_width_percent=&#8221;100&#8243; shift_y=&#8221;0&#8243; z_index=&#8221;0&#8243;][vc_column column_width_percent=&#8221;100&#8243; align_horizontal=&#8221;align_center&#8221; gutter_size=&#8221;3&#8243; overlay_alpha=&#8221;50&#8243; shift_x=&#8221;0&#8243; shift_y=&#8221;0&#8243; shift_y_down=&#8221;0&#8243; z_index=&#8221;0&#8243; medium_width=&#8221;0&#8243; mobile_width=&#8221;0&#8243; width=&#8221;1\/1&#8243;][vc_custom_heading]Un plan qui convient \u00e0 tout budget familial[\/vc_custom_heading][vc_row_inner limit_content=&#8221;&#8221;][vc_column_inner column_width_percent=&#8221;100&#8243; align_horizontal=&#8221;align_center&#8221; gutter_size=&#8221;3&#8243; overlay_alpha=&#8221;50&#8243; shift_x=&#8221;0&#8243; shift_y=&#8221;0&#8243; shift_y_down=&#8221;0&#8243; z_index=&#8221;0&#8243; medium_width=&#8221;0&#8243; mobile_width=&#8221;0&#8243; width=&#8221;1\/3&#8243;]<div class=\"imk-price-widget style_2\">\t<h4 class=\"imk-plan\">Platine<\/h4>\t<div class=\"imk-price\">\t\t<span class=\"imk-number\">42 $<\/span>\t\t<span class=\"imk-interval\">\/an*<\/span>\t<\/div><\/div>[\/vc_column_inner][vc_column_inner column_width_percent=&#8221;100&#8243; align_horizontal=&#8221;align_center&#8221; gutter_size=&#8221;3&#8243; overlay_alpha=&#8221;50&#8243; shift_x=&#8221;0&#8243; shift_y=&#8221;0&#8243; shift_y_down=&#8221;0&#8243; z_index=&#8221;0&#8243; medium_width=&#8221;0&#8243; mobile_width=&#8221;0&#8243; width=&#8221;1\/3&#8243;]<div class=\"imk-price-widget style_2\">\t<h4 class=\"imk-plan\">Or<\/h4>\t<div class=\"imk-price\">\t\t<span class=\"imk-number\">32 $<\/span>\t\t<span class=\"imk-interval\">\/an*<\/span>\t<\/div><\/div>[\/vc_column_inner][vc_column_inner column_width_percent=&#8221;100&#8243; align_horizontal=&#8221;align_center&#8221; gutter_size=&#8221;3&#8243; overlay_alpha=&#8221;50&#8243; shift_x=&#8221;0&#8243; shift_y=&#8221;0&#8243; shift_y_down=&#8221;0&#8243; z_index=&#8221;0&#8243; medium_width=&#8221;0&#8243; mobile_width=&#8221;0&#8243; width=&#8221;1\/3&#8243;]<div class=\"imk-price-widget style_2\">\t<h4 class=\"imk-plan\">Argent<\/h4>\t<div class=\"imk-price\">\t\t<span class=\"imk-number\">17 $<\/span>\t\t<span class=\"imk-interval\">\/an*<\/span>\t<\/div><\/div>[\/vc_column_inner][\/vc_row_inner][vc_column_text text_lead=&#8221;yes&#8221;]<\/p>\n<p style=\"text-align: center;\"><strong>Les r\u00e9gimes fournissent tous les trois une couverture 24 heures sur 24, 7 jours sur 7 et des indemnit\u00e9s importantes li\u00e9s aux accidents.<\/strong> (Les limites des indemnit\u00e9s varient selon le r\u00e9gime s\u00e9lectionn\u00e9.)<\/p>\n<p>[\/vc_column_text][vc_row_inner limit_content=&#8221;&#8221;][vc_column_inner column_width_percent=&#8221;100&#8243; align_horizontal=&#8221;align_center&#8221; gutter_size=&#8221;3&#8243; overlay_alpha=&#8221;50&#8243; shift_x=&#8221;0&#8243; shift_y=&#8221;0&#8243; shift_y_down=&#8221;0&#8243; z_index=&#8221;0&#8243; medium_visibility=&#8221;yes&#8221; medium_width=&#8221;0&#8243; mobile_visibility=&#8221;yes&#8221; mobile_width=&#8221;0&#8243; width=&#8221;1\/6&#8243;][\/vc_column_inner][vc_column_inner column_width_percent=&#8221;100&#8243; gutter_size=&#8221;3&#8243; overlay_alpha=&#8221;50&#8243; shift_x=&#8221;0&#8243; shift_y=&#8221;0&#8243; shift_y_down=&#8221;0&#8243; z_index=&#8221;0&#8243; medium_width=&#8221;4&#8243; mobile_width=&#8221;0&#8243; width=&#8221;2\/6&#8243;][vc_button button_color=&#8221;color-198256&#8243; size=&#8221;btn-lg&#8221; wide=&#8221;yes&#8221; border_width=&#8221;0&#8243; link=&#8221;url:%2Ffr%2Fnos-plans%2Fcomparer-les-plans%2F|title:Comparer%20les%20Plans||&#8221;]Comparer les Plans[\/vc_button][\/vc_column_inner][vc_column_inner column_width_percent=&#8221;100&#8243; gutter_size=&#8221;3&#8243; overlay_alpha=&#8221;50&#8243; shift_x=&#8221;0&#8243; shift_y=&#8221;0&#8243; shift_y_down=&#8221;0&#8243; z_index=&#8221;0&#8243; medium_width=&#8221;4&#8243; mobile_width=&#8221;0&#8243; width=&#8221;2\/6&#8243;][vc_button button_color=&#8221;color-198256&#8243; size=&#8221;btn-lg&#8221; wide=&#8221;yes&#8221; border_width=&#8221;0&#8243; link=&#8221;url:https%3A%2F%2Fwww.getreliable.com%2Fsai%2Fchoose.aspx%3Flang%3Dfr%26mode%3Dmb|title:Buy%20Now|target:%20_blank|&#8221; el_class=&#8221;open-enroll&#8221;]Souscrire Maintenant[\/vc_button][\/vc_column_inner][vc_column_inner column_width_percent=&#8221;100&#8243; gutter_size=&#8221;3&#8243; overlay_alpha=&#8221;50&#8243; shift_x=&#8221;0&#8243; shift_y=&#8221;0&#8243; shift_y_down=&#8221;0&#8243; z_index=&#8221;0&#8243; medium_visibility=&#8221;yes&#8221; medium_width=&#8221;0&#8243; mobile_visibility=&#8221;yes&#8221; mobile_width=&#8221;0&#8243; width=&#8221;1\/6&#8243;][\/vc_column_inner][\/vc_row_inner][vc_column_text]*Tous les r\u00e9gimes d\u20191 an se terminent 365 jours apr\u00e8s la date d\u2019achat.<\/p>\n<p>**\u00c9conomisez de l\u2019argent \u2013 <u>consid\u00e9rez nos r\u00e9gimes de 3 et 5 ans.<\/u><\/p>\n<p>*** \u00c9pargnez du temps &#8211; <u>s\u00e9lectionnez l\u2019option de renouvellement automatique.<\/u>[\/vc_column_text][\/vc_column][\/vc_row][vc_row][vc_column width=&#8221;1\/1&#8243;][uncode_block id=&#8221;618&#8243;][\/vc_column][\/vc_row][vc_row row_height_percent=&#8221;0&#8243; override_padding=&#8221;yes&#8221; h_padding=&#8221;5&#8243; top_padding=&#8221;5&#8243; bottom_padding=&#8221;2&#8243; overlay_alpha=&#8221;50&#8243; gutter_size=&#8221;3&#8243; column_width_percent=&#8221;100&#8243; shift_y=&#8221;0&#8243; z_index=&#8221;0&#8243;][vc_column column_width_percent=&#8221;100&#8243; align_horizontal=&#8221;align_center&#8221; gutter_size=&#8221;3&#8243; overlay_alpha=&#8221;50&#8243; shift_x=&#8221;0&#8243; shift_y=&#8221;0&#8243; shift_y_down=&#8221;0&#8243; z_index=&#8221;0&#8243; medium_width=&#8221;0&#8243; mobile_width=&#8221;0&#8243; width=&#8221;1\/1&#8243;][vc_row_inner limit_content=&#8221;&#8221;][vc_column_inner width=&#8221;1\/12&#8243;][\/vc_column_inner][vc_column_inner column_width_percent=&#8221;100&#8243; align_horizontal=&#8221;align_center&#8221; gutter_size=&#8221;3&#8243; overlay_alpha=&#8221;50&#8243; shift_x=&#8221;0&#8243; shift_y=&#8221;0&#8243; shift_y_down=&#8221;0&#8243; z_index=&#8221;0&#8243; medium_width=&#8221;0&#8243; mobile_width=&#8221;0&#8243; width=&#8221;10\/12&#8243;][vc_custom_heading]Beaucoup d\u2019indemnit\u00e9s sont disponibles, en voici quelques-unes :[\/vc_custom_heading][\/vc_column_inner][vc_column_inner width=&#8221;1\/12&#8243;][\/vc_column_inner][\/vc_row_inner][vc_empty_space empty_h=&#8221;2&#8243; mobile_visibility=&#8221;yes&#8221;][vc_row_inner row_inner_height_percent=&#8221;0&#8243; overlay_alpha=&#8221;50&#8243; gutter_size=&#8221;3&#8243; shift_y=&#8221;0&#8243; z_index=&#8221;0&#8243; el_class=&#8221;imk-features&#8221; limit_content=&#8221;&#8221;][vc_column_inner column_width_percent=&#8221;100&#8243; align_horizontal=&#8221;align_center&#8221; gutter_size=&#8221;3&#8243; overlay_alpha=&#8221;50&#8243; shift_x=&#8221;0&#8243; shift_y=&#8221;0&#8243; shift_y_down=&#8221;0&#8243; z_index=&#8221;0&#8243; medium_width=&#8221;0&#8243; mobile_width=&#8221;0&#8243; width=&#8221;1\/3&#8243;][vc_icon icon=&#8221;fa fa-star&#8221; icon_color=&#8221;color-198256&#8243; size=&#8221;fa-5x&#8221; heading_semantic=&#8221;h6&#8243; text_size=&#8221;h6&#8243; text_reduced=&#8221;yes&#8221; title=&#8221;Incapacit\u00e9 totale et permanente&#8221;]Jusqu\u2019\u00e0 350 000 $[\/vc_icon][\/vc_column_inner][vc_column_inner column_width_percent=&#8221;100&#8243; align_horizontal=&#8221;align_center&#8221; gutter_size=&#8221;3&#8243; overlay_alpha=&#8221;50&#8243; shift_x=&#8221;0&#8243; shift_y=&#8221;0&#8243; shift_y_down=&#8221;0&#8243; z_index=&#8221;0&#8243; medium_width=&#8221;0&#8243; mobile_width=&#8221;0&#8243; width=&#8221;1\/3&#8243;][vc_icon icon=&#8221;fa fa-star&#8221; icon_color=&#8221;color-198256&#8243; size=&#8221;fa-5x&#8221; heading_semantic=&#8221;h6&#8243; text_size=&#8221;h6&#8243; text_reduced=&#8221;yes&#8221; title=&#8221;Frais dentaires li\u00e9s \u00e0 un accident&#8221;]Frais illimit\u00e9s pay\u00e9s pour les<br \/>\npremiers 10 ans de la blessure![\/vc_icon][\/vc_column_inner][vc_column_inner column_width_percent=&#8221;100&#8243; align_horizontal=&#8221;align_center&#8221; gutter_size=&#8221;3&#8243; overlay_alpha=&#8221;50&#8243; shift_x=&#8221;0&#8243; shift_y=&#8221;0&#8243; shift_y_down=&#8221;0&#8243; z_index=&#8221;0&#8243; medium_width=&#8221;0&#8243; mobile_width=&#8221;0&#8243; width=&#8221;1\/3&#8243;][vc_icon icon=&#8221;fa fa-star&#8221; icon_color=&#8221;color-198256&#8243; size=&#8221;fa-5x&#8221; heading_semantic=&#8221;h6&#8243; text_size=&#8221;h6&#8243; text_reduced=&#8221;yes&#8221; title=&#8221;Direction d\u2019\u00e9tudes&#8221;]Jusqu\u2019\u00e0 6 000 $[\/vc_icon][\/vc_column_inner][\/vc_row_inner][vc_row_inner row_inner_height_percent=&#8221;0&#8243; overlay_alpha=&#8221;50&#8243; gutter_size=&#8221;3&#8243; shift_y=&#8221;0&#8243; z_index=&#8221;0&#8243; el_class=&#8221;imk-features&#8221; limit_content=&#8221;&#8221;][vc_column_inner column_width_percent=&#8221;100&#8243; align_horizontal=&#8221;align_center&#8221; gutter_size=&#8221;3&#8243; overlay_alpha=&#8221;50&#8243; shift_x=&#8221;0&#8243; shift_y=&#8221;0&#8243; shift_y_down=&#8221;0&#8243; z_index=&#8221;0&#8243; medium_width=&#8221;0&#8243; mobile_width=&#8221;0&#8243; width=&#8221;1\/3&#8243;][vc_icon icon=&#8221;fa fa-star&#8221; icon_color=&#8221;color-198256&#8243; size=&#8221;fa-5x&#8221; heading_semantic=&#8221;h6&#8243; text_size=&#8221;h6&#8243; text_reduced=&#8221;yes&#8221; title=&#8221;Frais m\u00e9dicaux d\u2019urgence li\u00e9s \u00e0 un accident hors province\/pays&#8221;]Jusqu\u2019\u00e0 200 000 $<br \/>\n<em>(R\u00e9gime Platine seulement)<\/em>[\/vc_icon][\/vc_column_inner][vc_column_inner column_width_percent=&#8221;100&#8243; align_horizontal=&#8221;align_center&#8221; gutter_size=&#8221;3&#8243; overlay_alpha=&#8221;50&#8243; shift_x=&#8221;0&#8243; shift_y=&#8221;0&#8243; shift_y_down=&#8221;0&#8243; z_index=&#8221;0&#8243; medium_width=&#8221;0&#8243; mobile_width=&#8221;0&#8243; width=&#8221;1\/3&#8243;][vc_icon icon=&#8221;fa fa-star&#8221; icon_color=&#8221;color-198256&#8243; size=&#8221;fa-5x&#8221; heading_semantic=&#8221;h6&#8243; text_size=&#8221;h6&#8243; text_reduced=&#8221;yes&#8221; title=&#8221;Proth\u00e8ses&#8221;]Jusqu\u2019\u00e0 5 500 $[\/vc_icon][\/vc_column_inner][vc_column_inner column_width_percent=&#8221;100&#8243; align_horizontal=&#8221;align_center&#8221; gutter_size=&#8221;3&#8243; overlay_alpha=&#8221;50&#8243; shift_x=&#8221;0&#8243; shift_y=&#8221;0&#8243; shift_y_down=&#8221;0&#8243; z_index=&#8221;0&#8243; medium_width=&#8221;0&#8243; mobile_width=&#8221;0&#8243; width=&#8221;1\/3&#8243;][vc_icon icon=&#8221;fa fa-star&#8221; icon_color=&#8221;color-198256&#8243; size=&#8221;fa-5x&#8221; heading_semantic=&#8221;h6&#8243; text_size=&#8221;h6&#8243; text_reduced=&#8221;yes&#8221; title=&#8221;Services param\u00e9dicaux (incluant la physioth\u00e9rapie)&#8221;]Jusqu\u2019\u00e0 800 $[\/vc_icon][\/vc_column_inner][\/vc_row_inner][vc_empty_space empty_h=&#8221;2&#8243; mobile_visibility=&#8221;yes&#8221;][\/vc_column][\/vc_row][vc_row][vc_column width=&#8221;1\/1&#8243;][vc_column_text]<\/p>\n<p style=\"text-align: center;\">Consultez la police pour conna\u00eetre toutes les conditions, limitations et exclusions.<\/p>\n<p>[\/vc_column_text][vc_row_inner limit_content=&#8221;&#8221;][vc_column_inner column_width_percent=&#8221;100&#8243; align_horizontal=&#8221;align_center&#8221; gutter_size=&#8221;3&#8243; overlay_alpha=&#8221;50&#8243; shift_x=&#8221;0&#8243; shift_y=&#8221;0&#8243; shift_y_down=&#8221;0&#8243; z_index=&#8221;0&#8243; medium_width=&#8221;0&#8243; mobile_width=&#8221;0&#8243; width=&#8221;1\/1&#8243;][vc_button button_color=&#8221;color-198256&#8243; outline=&#8221;yes&#8221; border_width=&#8221;0&#8243; display=&#8221;inline&#8221; link=&#8221;url:%2Ffr%2Fnos-plans%2Fafficher-la-police%2F|||&#8221;]Lire la police enti\u00e8re[\/vc_button][\/vc_column_inner][\/vc_row_inner][\/vc_column][\/vc_row][vc_row][vc_column width=&#8221;1\/1&#8243;][uncode_block id=&#8221;1205&#8243;][\/vc_column][\/vc_row]<\/p>\n<\/div>","protected":false},"excerpt":{"rendered":"<p>[vc_row][vc_column width=&#8221;1\/1&#8243;][uncode_block id=&#8221;36&#8243;][\/vc_column][\/vc_row][vc_row row_height_percent=&#8221;0&#8243; back_image=&#8221;794&#8243; back_repeat=&#8221;no-repeat&#8221; back_position=&#8221;center center&#8221; parallax=&#8221;yes&#8221; overlay_alpha=&#8221;50&#8243; gutter_size=&#8221;3&#8243; column_width_percent=&#8221;100&#8243; shift_y=&#8221;0&#8243; z_index=&#8221;0&#8243; row_height_pixel=&#8221;350&#8243;][vc_column width=&#8221;1\/1&#8243;][\/vc_column][\/vc_row][vc_row row_height_percent=&#8221;0&#8243; override_padding=&#8221;yes&#8221; h_padding=&#8221;2&#8243; top_padding=&#8221;5&#8243; [&hellip;]<\/p>\n","protected":false},"author":12,"featured_media":0,"parent":0,"menu_order":0,"comment_status":"closed","ping_status":"closed","template":"","meta":{"inline_featured_image":false,"footnotes":""},"class_list":["post-1137","page","type-page","status-publish","hentry"],"_links":{"self":[{"href":"https:\/\/manitobastudentinsurance.ca\/fr\/wp-json\/wp\/v2\/pages\/1137","targetHints":{"allow":["GET"]}}],"collection":[{"href":"https:\/\/manitobastudentinsurance.ca\/fr\/wp-json\/wp\/v2\/pages"}],"about":[{"href":"https:\/\/manitobastudentinsurance.ca\/fr\/wp-json\/wp\/v2\/types\/page"}],"author":[{"embeddable":true,"href":"https:\/\/manitobastudentinsurance.ca\/fr\/wp-json\/wp\/v2\/users\/12"}],"replies":[{"embeddable":true,"href":"https:\/\/manitobastudentinsurance.ca\/fr\/wp-json\/wp\/v2\/comments?post=1137"}],"version-history":[{"count":0,"href":"https:\/\/manitobastudentinsurance.ca\/fr\/wp-json\/wp\/v2\/pages\/1137\/revisions"}],"wp:attachment":[{"href":"https:\/\/manitobastudentinsurance.ca\/fr\/wp-json\/wp\/v2\/media?parent=1137"}],"curies":[{"name":"wp","href":"https:\/\/api.w.org\/{rel}","templated":true}]}}