{"id":1127,"date":"2019-07-28T11:55:59","date_gmt":"2019-07-28T15:55:59","guid":{"rendered":"https:\/\/manitobastudentinsurance.ca\/?page_id=1127"},"modified":"2023-11-14T10:04:22","modified_gmt":"2023-11-14T15:04:22","slug":"accueil","status":"publish","type":"page","link":"https:\/\/manitobastudentinsurance.ca\/fr\/","title":{"rendered":"Accueil"},"content":{"rendered":"<div class=\"wpb-content-wrapper\"><p>[vc_row row_height_percent=&#8221;0&#8243; override_padding=&#8221;yes&#8221; h_padding=&#8221;2&#8243; top_padding=&#8221;2&#8243; bottom_padding=&#8221;2&#8243; back_color=&#8221;accent&#8221; overlay_alpha=&#8221;50&#8243; gutter_size=&#8221;3&#8243; column_width_percent=&#8221;100&#8243; shift_y=&#8221;0&#8243; z_index=&#8221;0&#8243; el_class=&#8221;full-height-header overflow-hidden position-relative&#8221; row_name=&#8221;top&#8221;][vc_column column_width_percent=&#8221;100&#8243; position_vertical=&#8221;middle&#8221; gutter_size=&#8221;3&#8243; style=&#8221;dark&#8221; overlay_alpha=&#8221;50&#8243; shift_x=&#8221;0&#8243; shift_y=&#8221;0&#8243; shift_y_down=&#8221;0&#8243; z_index=&#8221;0&#8243; medium_width=&#8221;0&#8243; align_mobile=&#8221;align_center_mobile&#8221; mobile_width=&#8221;0&#8243; width=&#8221;1\/2&#8243; el_class=&#8221;banner-animated&#8221;][vc_custom_heading text_color=&#8221;color-xsdn&#8221; heading_semantic=&#8221;h1&#8243; text_size=&#8221;fontsize-157034&#8243; css_animation=&#8221;bottom-t-top&#8221; animation_speed=&#8221;1000&#8243;]L\u2019assurance<br \/>\n<span class=\"text-orange\">Accident<\/span><br \/>\n\u00c9tudiant[\/vc_custom_heading][vc_custom_heading text_color=&#8221;color-xsdn&#8221; text_size=&#8221;h3&#8243; text_weight=&#8221;400&#8243; css_animation=&#8221;bottom-t-top&#8221; animation_speed=&#8221;1000&#8243; animation_delay=&#8221;200&#8243;]Achetez l\u2019assurance accident \u00e9tudiant<br \/>\npour confronter les impr\u00e9vus de la vie[\/vc_custom_heading][vc_row_inner row_inner_height_percent=&#8221;0&#8243; overlay_alpha=&#8221;50&#8243; gutter_size=&#8221;3&#8243; shift_y=&#8221;0&#8243; z_index=&#8221;0&#8243; limit_content=&#8221;&#8221;][vc_column_inner column_width_percent=&#8221;100&#8243; position_horizontal=&#8221;left&#8221; gutter_size=&#8221;3&#8243; style=&#8221;dark&#8221; overlay_alpha=&#8221;50&#8243; shift_x=&#8221;0&#8243; shift_y=&#8221;0&#8243; shift_y_down=&#8221;0&#8243; z_index=&#8221;0&#8243; align_medium=&#8221;align_center_tablet&#8221; medium_width=&#8221;0&#8243; align_mobile=&#8221;align_center_mobile&#8221; mobile_width=&#8221;0&#8243; width=&#8221;1\/1&#8243;][vc_button button_color=&#8221;color-xsdn&#8221; size=&#8221;btn-xl&#8221; text_skin=&#8221;yes&#8221; border_width=&#8221;0&#8243; display=&#8221;inline&#8221; css_animation=&#8221;bottom-t-top&#8221; animation_speed=&#8221;1000&#8243; animation_delay=&#8221;400&#8243; link=&#8221;url:https%3A%2F%2Fwww.getreliable.com%2Fstudentaccident%2Fpolicybooking%3Fprov%3DMB%26lang%3D1%26og%3D|target:_blank&#8221; el_class=&#8221;button-white open-enroll&#8221; button_color_type=&#8221;uncode-palette&#8221; uncode_shortcode_id=&#8221;162777&#8243;]SOUSCRIRE MAINTENANT![\/vc_button][vc_button button_color=&#8221;color-xsdn&#8221; size=&#8221;btn-xl&#8221; outline=&#8221;yes&#8221; border_width=&#8221;0&#8243; display=&#8221;inline&#8221; css_animation=&#8221;bottom-t-top&#8221; animation_speed=&#8221;1000&#8243; animation_delay=&#8221;400&#8243; link=&#8221;url:%2Ffr%2Fnos-plans%2F|title:Our%20Plans||&#8221; el_class=&#8221;button-white-outline&#8221;]NOS PLANS[\/vc_button][\/vc_column_inner][\/vc_row_inner][\/vc_column][\/vc_row][vc_row row_height_percent=&#8221;0&#8243; back_image=&#8221;769&#8243; back_repeat=&#8221;no-repeat&#8221; back_position=&#8221;center bottom&#8221; parallax=&#8221;yes&#8221; overlay_alpha=&#8221;50&#8243; gutter_size=&#8221;3&#8243; column_width_percent=&#8221;100&#8243; shift_y=&#8221;0&#8243; z_index=&#8221;0&#8243; row_height_pixel=&#8221;300&#8243;][vc_column width=&#8221;1\/1&#8243;][\/vc_column][\/vc_row][vc_row row_height_percent=&#8221;0&#8243; override_padding=&#8221;yes&#8221; h_padding=&#8221;7&#8243; top_padding=&#8221;3&#8243; bottom_padding=&#8221;3&#8243; overlay_alpha=&#8221;50&#8243; gutter_size=&#8221;3&#8243; column_width_percent=&#8221;100&#8243; shift_y=&#8221;0&#8243; z_index=&#8221;0&#8243;][vc_column column_width_percent=&#8221;100&#8243; align_horizontal=&#8221;align_center&#8221; gutter_size=&#8221;3&#8243; overlay_alpha=&#8221;50&#8243; shift_x=&#8221;0&#8243; shift_y=&#8221;0&#8243; shift_y_down=&#8221;0&#8243; z_index=&#8221;0&#8243; medium_width=&#8221;0&#8243; mobile_width=&#8221;0&#8243; width=&#8221;1\/1&#8243;][vc_raw_html]JTNDYSUyMG5hbWUlM0QlMjJzZWN0aW9uLTElMjIlM0UlM0MlMkZhJTNF[\/vc_raw_html][vc_custom_heading text_size=&#8221;h1&#8243;]Pourquoi me faut-il une assurance pour mon enfant?[\/vc_custom_heading][vc_row_inner row_inner_height_percent=&#8221;0&#8243; overlay_alpha=&#8221;50&#8243; gutter_size=&#8221;3&#8243; shift_y=&#8221;0&#8243; z_index=&#8221;0&#8243; css=&#8221;.vc_custom_1563636066891{margin-top: 48px !important;}&#8221; limit_content=&#8221;&#8221;][vc_column_inner column_width_percent=&#8221;100&#8243; align_horizontal=&#8221;align_center&#8221; gutter_size=&#8221;3&#8243; overlay_alpha=&#8221;50&#8243; shift_x=&#8221;0&#8243; shift_y=&#8221;0&#8243; shift_y_down=&#8221;0&#8243; z_index=&#8221;0&#8243; medium_width=&#8221;0&#8243; mobile_width=&#8221;0&#8243; width=&#8221;1\/2&#8243;][vc_icon icon_image=&#8221;171&#8243; linked_title=&#8221;yes&#8221; title=&#8221;La protection \u00e9largie&#8221; link=&#8221;|||&#8221;]Les plans gouvernementaux et collectifs<br \/>\nne couvrent pas toujours les frais![\/vc_icon][\/vc_column_inner][vc_column_inner column_width_percent=&#8221;100&#8243; align_horizontal=&#8221;align_center&#8221; gutter_size=&#8221;3&#8243; overlay_alpha=&#8221;50&#8243; shift_x=&#8221;0&#8243; shift_y=&#8221;0&#8243; shift_y_down=&#8221;0&#8243; z_index=&#8221;0&#8243; medium_width=&#8221;0&#8243; mobile_width=&#8221;0&#8243; width=&#8221;1\/2&#8243;][vc_icon icon_image=&#8221;174&#8243; linked_title=&#8221;yes&#8221; title=&#8221;Une meilleure tranquillit\u00e9 d\u2019esprit&#8221; link=&#8221;|||&#8221;]L\u2019accident de votre enfant peut co\u00fbter cher! Pr\u00e9parez-vous au coup financier avec une couverture 24\/7.[\/vc_icon][\/vc_column_inner][\/vc_row_inner][vc_custom_heading heading_semantic=&#8221;h3&#8243; text_size=&#8221;h4&#8243; text_weight=&#8221;600&#8243;]Les indemnit\u00e9s encore \u00e0 d\u00e9couvrir sont nombreuses.[\/vc_custom_heading][vc_button button_color=&#8221;color-198256&#8243; size=&#8221;btn-lg&#8221; border_width=&#8221;0&#8243; link=&#8221;url:%2Ffr%2Fa-propos-de-nous%2Fcomblez-les-lacunes%2F|title:Comblez%20les%20lacunes||&#8221;]\u00cates-vous prot\u00e9g\u00e9?[\/vc_button][vc_button button_color=&#8221;color-jevc&#8221; size=&#8221;link&#8221; link=&#8221;url:%2Fwp-content%2Fuploads%2F2022%2F08%2FMANFSA0822.pdf|title:Afficher%20la%20police|target:%20_blank|&#8221; el_class=&#8221;text-underline text-small&#8221;]Lire la police au complet[\/vc_button][\/vc_column][\/vc_row][vc_row][vc_column column_width_percent=&#8221;100&#8243; gutter_size=&#8221;3&#8243; overlay_alpha=&#8221;50&#8243; shift_x=&#8221;0&#8243; shift_y=&#8221;0&#8243; shift_y_down=&#8221;0&#8243; z_index=&#8221;0&#8243; medium_width=&#8221;0&#8243; align_mobile=&#8221;align_center_mobile&#8221; mobile_width=&#8221;0&#8243; width=&#8221;1\/2&#8243; el_class=&#8221;z-index-up&#8221;]<div class=\"imk-price-widget \">\t<h4 class=\"imk-plan\">Platine<\/h4>\t<div class=\"imk-price\">\t\t<span class=\"imk-number\">42 $<\/span>\t\t<span class=\"imk-interval\">\/ann\u00e9e*<\/span>\t<\/div><\/div>[vc_column_text el_class=&#8221;text-pricing&#8221;]Le plan favori de nos clients et recommand\u00e9 de nous fournit une couverture toute comprise, incluant une couverture de frais m\u00e9dicaux d\u2019urgence hors province et d\u2019autres indemnit\u00e9s de voyage! Des plans de 1, 3 ou 5 ans sont disponibles.[\/vc_column_text][vc_button button_color=&#8221;color-198256&#8243; size=&#8221;btn-lg&#8221; outline=&#8221;yes&#8221; border_width=&#8221;0&#8243; link=&#8221;url:%2Ffr%2Fnos-plans%2Fcomparer-les-plans%2F|||&#8221;]En savoir plus[\/vc_button][\/vc_column][vc_column column_width_percent=&#8221;100&#8243; gutter_size=&#8221;3&#8243; overlay_alpha=&#8221;50&#8243; shift_x=&#8221;0&#8243; shift_y=&#8221;0&#8243; shift_y_down=&#8221;0&#8243; z_index=&#8221;0&#8243; medium_width=&#8221;0&#8243; mobile_visibility=&#8221;yes&#8221; mobile_width=&#8221;0&#8243; width=&#8221;1\/2&#8243;][vc_column_text css_animation=&#8221;alpha-anim&#8221;]<\/p>\n<div class=\"img-offcanvas img-offcanvas-right paroller\"><img decoding=\"async\" class=\"alignnone size-full wp-image-1132\" src=\"https:\/\/manitobastudentinsurance.ca\/wp-content\/uploads\/2019\/07\/backpack.jpg\" alt=\"\" width=\"1280\" height=\"1430\" srcset=\"https:\/\/manitobastudentinsurance.ca\/wp-content\/uploads\/2019\/07\/backpack.jpg 1280w, https:\/\/manitobastudentinsurance.ca\/wp-content\/uploads\/2019\/07\/backpack-269x300.jpg 269w, https:\/\/manitobastudentinsurance.ca\/wp-content\/uploads\/2019\/07\/backpack-768x858.jpg 768w, https:\/\/manitobastudentinsurance.ca\/wp-content\/uploads\/2019\/07\/backpack-917x1024.jpg 917w\" sizes=\"(max-width: 1280px) 100vw, 1280px\" \/><\/div>\n<p>[\/vc_column_text][\/vc_column][\/vc_row][vc_row][vc_column column_width_percent=&#8221;100&#8243; gutter_size=&#8221;3&#8243; overlay_alpha=&#8221;50&#8243; shift_x=&#8221;0&#8243; shift_y=&#8221;0&#8243; shift_y_down=&#8221;0&#8243; z_index=&#8221;0&#8243; medium_width=&#8221;0&#8243; mobile_visibility=&#8221;yes&#8221; mobile_width=&#8221;0&#8243; width=&#8221;1\/2&#8243;][vc_column_text css_animation=&#8221;alpha-anim&#8221;]<\/p>\n<div class=\"img-offcanvas img-offcanvas-left paroller\"><img decoding=\"async\" class=\"alignnone size-full wp-image-1134\" src=\"https:\/\/manitobastudentinsurance.ca\/wp-content\/uploads\/2019\/07\/notebook-1.jpg\" alt=\"\" width=\"1280\" height=\"1287\" srcset=\"https:\/\/manitobastudentinsurance.ca\/wp-content\/uploads\/2019\/07\/notebook-1.jpg 1280w, https:\/\/manitobastudentinsurance.ca\/wp-content\/uploads\/2019\/07\/notebook-1-150x150.jpg 150w, https:\/\/manitobastudentinsurance.ca\/wp-content\/uploads\/2019\/07\/notebook-1-298x300.jpg 298w, https:\/\/manitobastudentinsurance.ca\/wp-content\/uploads\/2019\/07\/notebook-1-768x772.jpg 768w, https:\/\/manitobastudentinsurance.ca\/wp-content\/uploads\/2019\/07\/notebook-1-1018x1024.jpg 1018w\" sizes=\"(max-width: 1280px) 100vw, 1280px\" \/><\/div>\n<p>[\/vc_column_text][\/vc_column][vc_column column_width_percent=&#8221;100&#8243; gutter_size=&#8221;3&#8243; overlay_alpha=&#8221;50&#8243; shift_x=&#8221;0&#8243; shift_y=&#8221;0&#8243; shift_y_down=&#8221;0&#8243; z_index=&#8221;0&#8243; medium_width=&#8221;0&#8243; align_mobile=&#8221;align_center_mobile&#8221; mobile_width=&#8221;0&#8243; width=&#8221;1\/2&#8243; el_class=&#8221;z-index-up&#8221;]<div class=\"imk-price-widget \">\t<h4 class=\"imk-plan\">Or<\/h4>\t<div class=\"imk-price\">\t\t<span class=\"imk-number\">32 $<\/span>\t\t<span class=\"imk-interval\">\/ann\u00e9e*<\/span>\t<\/div><\/div>[vc_column_text el_class=&#8221;text-pricing&#8221;]Une couverture essentielle qui convient \u00e0 tout budget familial! Des plans de 1, 3 ou 5 ans sont disponibles.[\/vc_column_text][vc_button button_color=&#8221;color-198256&#8243; size=&#8221;btn-lg&#8221; outline=&#8221;yes&#8221; border_width=&#8221;0&#8243; link=&#8221;url:%2Ffr%2Fnos-plans%2Fcomparer-les-plans%2F|||&#8221;]En savoir plus[\/vc_button][\/vc_column][\/vc_row][vc_row row_height_percent=&#8221;0&#8243; override_padding=&#8221;yes&#8221; h_padding=&#8221;2&#8243; top_padding=&#8221;2&#8243; bottom_padding=&#8221;5&#8243; overlay_alpha=&#8221;50&#8243; gutter_size=&#8221;3&#8243; column_width_percent=&#8221;100&#8243; shift_y=&#8221;0&#8243; z_index=&#8221;0&#8243;][vc_column column_width_percent=&#8221;100&#8243; gutter_size=&#8221;3&#8243; overlay_alpha=&#8221;50&#8243; shift_x=&#8221;0&#8243; shift_y=&#8221;0&#8243; shift_y_down=&#8221;0&#8243; z_index=&#8221;0&#8243; medium_width=&#8221;0&#8243; align_mobile=&#8221;align_center_mobile&#8221; mobile_width=&#8221;0&#8243; width=&#8221;1\/2&#8243; el_class=&#8221;z-index-up&#8221;]<div class=\"imk-price-widget \">\t<h4 class=\"imk-plan\">Argent<\/h4>\t<div class=\"imk-price\">\t\t<span class=\"imk-number\">17 $<\/span>\t\t<span class=\"imk-interval\">\/ann\u00e9e*<\/span>\t<\/div><\/div>[vc_column_text el_class=&#8221;text-pricing&#8221;]Offre aux familles une couverture de base \u00e0 un taux tr\u00e8s abordable. Des plans de 1, 3 ou 5 ans sont disponibles.[\/vc_column_text][vc_button button_color=&#8221;color-198256&#8243; size=&#8221;btn-lg&#8221; outline=&#8221;yes&#8221; border_width=&#8221;0&#8243; link=&#8221;url:%2Ffr%2Fnos-plans%2Fcomparer-les-plans%2F|||&#8221;]En savoir plus[\/vc_button][vc_empty_space empty_h=&#8221;2&#8243;][vc_custom_heading text_color=&#8221;accent&#8221; heading_semantic=&#8221;h4&#8243; text_size=&#8221;h6&#8243;]<\/p>\n<h4>Pour plus de commodit\u00e9, nous offrons l\u2019option de renouvellement automatique.\u00a0 Pas besoin de souscrire chaque ann\u00e9e.\u00a0 Vous souscrivez une fois et s\u00e9lectionnez l\u2019option de renouvellement automatique. \u00c0 nous de faire le travail pour vous.\u00a0 <a href=\"#automatic-renewal-learn-more\"><em><u>En savoir +<\/u><\/em><\/a><\/h4>\n<p>[\/vc_custom_heading][\/vc_column][vc_column column_width_percent=&#8221;100&#8243; gutter_size=&#8221;3&#8243; overlay_alpha=&#8221;50&#8243; shift_x=&#8221;0&#8243; shift_y=&#8221;0&#8243; shift_y_down=&#8221;0&#8243; z_index=&#8221;0&#8243; medium_width=&#8221;0&#8243; mobile_visibility=&#8221;yes&#8221; mobile_width=&#8221;0&#8243; width=&#8221;1\/2&#8243;][vc_column_text css_animation=&#8221;alpha-anim&#8221;]<\/p>\n<div class=\"img-offcanvas img-offcanvas-right img-last paroller\"><img decoding=\"async\" class=\"alignnone size-full wp-image-1133\" src=\"https:\/\/manitobastudentinsurance.ca\/wp-content\/uploads\/2019\/07\/basketball.jpg\" alt=\"\" width=\"1280\" height=\"1285\" srcset=\"https:\/\/manitobastudentinsurance.ca\/wp-content\/uploads\/2019\/07\/basketball.jpg 1280w, https:\/\/manitobastudentinsurance.ca\/wp-content\/uploads\/2019\/07\/basketball-150x150.jpg 150w, https:\/\/manitobastudentinsurance.ca\/wp-content\/uploads\/2019\/07\/basketball-300x300.jpg 300w, https:\/\/manitobastudentinsurance.ca\/wp-content\/uploads\/2019\/07\/basketball-768x771.jpg 768w, https:\/\/manitobastudentinsurance.ca\/wp-content\/uploads\/2019\/07\/basketball-1020x1024.jpg 1020w\" sizes=\"(max-width: 1280px) 100vw, 1280px\" \/><\/div>\n<p>[\/vc_column_text][\/vc_column][\/vc_row]<\/p>\n<\/div>","protected":false},"excerpt":{"rendered":"<p>[vc_row row_height_percent=&#8221;0&#8243; override_padding=&#8221;yes&#8221; h_padding=&#8221;2&#8243; top_padding=&#8221;2&#8243; bottom_padding=&#8221;2&#8243; back_color=&#8221;accent&#8221; overlay_alpha=&#8221;50&#8243; gutter_size=&#8221;3&#8243; column_width_percent=&#8221;100&#8243; shift_y=&#8221;0&#8243; z_index=&#8221;0&#8243; el_class=&#8221;full-height-header overflow-hidden position-relative&#8221; row_name=&#8221;top&#8221;][vc_column column_width_percent=&#8221;100&#8243; position_vertical=&#8221;middle&#8221; gutter_size=&#8221;3&#8243; style=&#8221;dark&#8221; [&hellip;]<\/p>\n","protected":false},"author":12,"featured_media":0,"parent":0,"menu_order":0,"comment_status":"closed","ping_status":"closed","template":"","meta":{"inline_featured_image":false,"footnotes":""},"class_list":["post-1127","page","type-page","status-publish","hentry"],"_links":{"self":[{"href":"https:\/\/manitobastudentinsurance.ca\/fr\/wp-json\/wp\/v2\/pages\/1127","targetHints":{"allow":["GET"]}}],"collection":[{"href":"https:\/\/manitobastudentinsurance.ca\/fr\/wp-json\/wp\/v2\/pages"}],"about":[{"href":"https:\/\/manitobastudentinsurance.ca\/fr\/wp-json\/wp\/v2\/types\/page"}],"author":[{"embeddable":true,"href":"https:\/\/manitobastudentinsurance.ca\/fr\/wp-json\/wp\/v2\/users\/12"}],"replies":[{"embeddable":true,"href":"https:\/\/manitobastudentinsurance.ca\/fr\/wp-json\/wp\/v2\/comments?post=1127"}],"version-history":[{"count":0,"href":"https:\/\/manitobastudentinsurance.ca\/fr\/wp-json\/wp\/v2\/pages\/1127\/revisions"}],"wp:attachment":[{"href":"https:\/\/manitobastudentinsurance.ca\/fr\/wp-json\/wp\/v2\/media?parent=1127"}],"curies":[{"name":"wp","href":"https:\/\/api.w.org\/{rel}","templated":true}]}}